{"id":7877,"date":"2026-02-04T16:02:21","date_gmt":"2026-02-04T15:02:21","guid":{"rendered":"https:\/\/roedvigferieby.dk\/?page_id=7877"},"modified":"2026-02-10T12:14:55","modified_gmt":"2026-02-10T11:14:55","slug":"luxury-cabins","status":"publish","type":"page","link":"https:\/\/roedvigferieby.dk\/en\/luxury-cabins\/","title":{"rendered":"Luxury Cabins"},"content":{"rendered":"\t\t<div data-elementor-type=\"wp-page\" data-elementor-id=\"7877\" class=\"elementor elementor-7877 elementor-7836\" data-elementor-post-type=\"page\">\n\t\t\t\t\t\t<section data-particle_enable=\"false\" data-particle-mobile-disabled=\"false\" class=\"elementor-section elementor-top-section elementor-element elementor-element-6bd59c1 elementor-section-content-bottom elementor-section-height-min-height elementor-section-boxed elementor-section-height-default elementor-section-items-middle\" data-id=\"6bd59c1\" data-element_type=\"section\" data-e-type=\"section\" data-settings=\"{&quot;background_background&quot;:&quot;classic&quot;}\">\n\t\t\t\t\t\t\t<div class=\"elementor-background-overlay\"><\/div>\n\t\t\t\t\t\t\t<div class=\"elementor-container elementor-column-gap-default\">\n\t\t\t\t\t<div class=\"elementor-column elementor-col-100 elementor-top-column elementor-element elementor-element-38324e1\" data-id=\"38324e1\" data-element_type=\"column\" data-e-type=\"column\">\n\t\t\t<div class=\"elementor-widget-wrap elementor-element-populated\">\n\t\t\t\t\t\t<div class=\"elementor-element elementor-element-6d3aac3 elementor-widget elementor-widget-heading\" data-id=\"6d3aac3\" data-element_type=\"widget\" data-e-type=\"widget\" data-widget_type=\"heading.default\">\n\t\t\t\t<div class=\"elementor-widget-container\">\n\t\t\t\t\t<h1 class=\"elementor-heading-title elementor-size-default\">Luxury Cabins<\/h1>\t\t\t\t<\/div>\n\t\t\t\t<\/div>\n\t\t\t\t\t<\/div>\n\t\t<\/div>\n\t\t\t\t\t<\/div>\n\t\t<\/section>\n\t\t\t\t<section data-particle_enable=\"false\" data-particle-mobile-disabled=\"false\" class=\"elementor-section elementor-top-section elementor-element elementor-element-8338a61 elementor-section-content-top elementor-reverse-mobile elementor-section-boxed elementor-section-height-default elementor-section-height-default\" data-id=\"8338a61\" data-element_type=\"section\" data-e-type=\"section\" data-settings=\"{&quot;background_background&quot;:&quot;classic&quot;}\">\n\t\t\t\t\t\t<div class=\"elementor-container elementor-column-gap-default\">\n\t\t\t\t\t<div class=\"elementor-column elementor-col-100 elementor-top-column elementor-element elementor-element-3d470b3\" data-id=\"3d470b3\" data-element_type=\"column\" data-e-type=\"column\">\n\t\t\t<div class=\"elementor-widget-wrap elementor-element-populated\">\n\t\t\t\t\t\t<div class=\"elementor-element elementor-element-613151b elementor-widget elementor-widget-text-editor\" data-id=\"613151b\" data-element_type=\"widget\" data-e-type=\"widget\" data-widget_type=\"text-editor.default\">\n\t\t\t\t<div class=\"elementor-widget-container\">\n\t\t\t\t\t\t\t\t\t<h2><strong>Peace, nature, and pampering in our new luxury cabins<\/strong><\/h2><p>Unplug and enjoy each other in our new, inviting hotel cabins of 32 m\u00b2, surrounded by nature and created for peace, presence, and relaxation.<\/p><p>Here, the pace is slower, and the setting is perfect for a break from everyday life.<\/p><p>The hotel cabin is furnished with a large, fully equipped kitchen with all appliances, a cozy dining area, and a comfortable sofa corner with TV, where you can relax after a day in the outdoors.<\/p><p>The spacious bedroom invites you to a good night&#8217;s sleep, and the bathroom is bright and inviting with a shower corner.<\/p><p>Upon arrival, the bed is made, and towels are ready, of course, included in the price, so you can just arrive and enjoy the moment.<\/p><p>As something very special, you can enjoy your own outdoor spa on the terrace &#8211; perfect for quiet mornings, warm evenings, and relaxing moments under the open sky.<\/p><p>Here you get a peaceful hotel experience in your own cabin &#8211; ideal for couples looking for nature, peace, and a little extra pampering.<\/p><p>Possibility for 2 extra people on the sofa bed; here you must bring your own duvets, pillows, and bed linen.<\/p><h3><strong>Price 1 January &#8211; 31 December<\/strong><\/h3><p>1.600 DKK per day for the house<br \/>1.380 DKK for the house in the following days.<\/p><p>Prices include bed linen, towels, cleaning, and consumption (electricity &amp; water).<\/p><p>Access to the outdoor spa on the wooden terrace is available for 550 DKK.<\/p>\t\t\t\t\t\t\t\t<\/div>\n\t\t\t\t<\/div>\n\t\t\t\t<div class=\"elementor-element elementor-element-a64695f elementor-align-center elementor-mobile-align-center elementor-widget elementor-widget-button\" data-id=\"a64695f\" data-element_type=\"widget\" data-e-type=\"widget\" data-widget_type=\"button.default\">\n\t\t\t\t<div class=\"elementor-widget-container\">\n\t\t\t\t\t\t\t\t\t<div class=\"elementor-button-wrapper\">\n\t\t\t\t\t<a class=\"elementor-button elementor-button-link elementor-size-md\" href=\"https:\/\/v3.onlinebooking.dk\/v3rodvig\" target=\"_blank\">\n\t\t\t\t\t\t<span class=\"elementor-button-content-wrapper\">\n\t\t\t\t\t\t\t\t\t<span class=\"elementor-button-text\">Book your stay<\/span>\n\t\t\t\t\t<\/span>\n\t\t\t\t\t<\/a>\n\t\t\t\t<\/div>\n\t\t\t\t\t\t\t\t<\/div>\n\t\t\t\t<\/div>\n\t\t\t\t\t<\/div>\n\t\t<\/div>\n\t\t\t\t\t<\/div>\n\t\t<\/section>\n\t\t\t\t<section data-particle_enable=\"false\" data-particle-mobile-disabled=\"false\" class=\"elementor-section elementor-top-section elementor-element elementor-element-158f9af8 elementor-section-boxed elementor-section-height-default elementor-section-height-default\" data-id=\"158f9af8\" data-element_type=\"section\" data-e-type=\"section\">\n\t\t\t\t\t\t<div class=\"elementor-container elementor-column-gap-default\">\n\t\t\t\t\t<div class=\"elementor-column elementor-col-100 elementor-top-column elementor-element elementor-element-3e53ee26\" data-id=\"3e53ee26\" data-element_type=\"column\" data-e-type=\"column\">\n\t\t\t<div class=\"elementor-widget-wrap elementor-element-populated\">\n\t\t\t\t\t\t<div class=\"elementor-element elementor-element-b61ed00 elementor-widget elementor-widget-heading\" data-id=\"b61ed00\" data-element_type=\"widget\" data-e-type=\"widget\" data-widget_type=\"heading.default\">\n\t\t\t\t<div class=\"elementor-widget-container\">\n\t\t\t\t\t<h2 class=\"elementor-heading-title elementor-size-default\">Floor plan <\/h2>\t\t\t\t<\/div>\n\t\t\t\t<\/div>\n\t\t\t\t<div class=\"elementor-element elementor-element-2f55998f elementor-widget elementor-widget-image\" data-id=\"2f55998f\" data-element_type=\"widget\" data-e-type=\"widget\" data-widget_type=\"image.default\">\n\t\t\t\t<div class=\"elementor-widget-container\">\n\t\t\t\t\t\t\t\t\t\t\t\t\t\t\t<img fetchpriority=\"high\" decoding=\"async\" width=\"800\" height=\"376\" src=\"https:\/\/roedvigferieby.dk\/wp-content\/uploads\/2026\/02\/Plantegning-Roedvig-Ferieby.png\" class=\"attachment-large size-large wp-image-8096\" alt=\"\" srcset=\"https:\/\/roedvigferieby.dk\/wp-content\/uploads\/2026\/02\/Plantegning-Roedvig-Ferieby.png 941w, https:\/\/roedvigferieby.dk\/wp-content\/uploads\/2026\/02\/Plantegning-Roedvig-Ferieby-300x141.png 300w, https:\/\/roedvigferieby.dk\/wp-content\/uploads\/2026\/02\/Plantegning-Roedvig-Ferieby-768x361.png 768w\" sizes=\"(max-width: 800px) 100vw, 800px\" \/>\t\t\t\t\t\t\t\t\t\t\t\t\t\t\t<\/div>\n\t\t\t\t<\/div>\n\t\t\t\t\t<\/div>\n\t\t<\/div>\n\t\t\t\t\t<\/div>\n\t\t<\/section>\n\t\t\t\t<\/div>\n\t\t","protected":false},"excerpt":{"rendered":"<p>Luxury Cabins Peace, nature, and pampering in our new luxury cabins Unplug and enjoy each other in our new, inviting hotel cabins of 32 m\u00b2, surrounded by nature and created for peace, presence, and relaxation. Here, the pace is slower, and the setting is perfect for a break from everyday life. The hotel cabin is [&hellip;]<\/p>\n","protected":false},"author":1,"featured_media":7876,"parent":0,"menu_order":0,"comment_status":"closed","ping_status":"closed","template":"elementor_header_footer","meta":{"footnotes":""},"class_list":["post-7877","page","type-page","status-publish","has-post-thumbnail","hentry"],"yoast_head":"<!-- This site is optimized with the Yoast SEO plugin v27.3 - https:\/\/yoast.com\/product\/yoast-seo-wordpress\/ -->\n<title>Cozy hotel cabins with peace, nature and pampering<\/title>\n<meta name=\"description\" content=\"Unplug and enjoy each other in our inviting 32 m\u00b2 hotel cabins, surrounded by nature and created for peace, presence and relaxation.\" \/>\n<meta name=\"robots\" content=\"index, follow, max-snippet:-1, max-image-preview:large, max-video-preview:-1\" \/>\n<link rel=\"canonical\" href=\"https:\/\/roedvigferieby.dk\/en\/luxury-cabins\/\" \/>\n<meta property=\"og:locale\" content=\"en_US\" \/>\n<meta property=\"og:type\" content=\"article\" \/>\n<meta property=\"og:title\" content=\"Cozy hotel cabins with peace, nature and pampering\" \/>\n<meta property=\"og:description\" content=\"Unplug and enjoy each other in our inviting 32 m\u00b2 hotel cabins, surrounded by nature and created for peace, presence and relaxation.\" \/>\n<meta property=\"og:url\" content=\"https:\/\/roedvigferieby.dk\/en\/luxury-cabins\/\" \/>\n<meta property=\"og:site_name\" content=\"R\u00f8dvig Ferieby\" \/>\n<meta property=\"article:publisher\" content=\"https:\/\/www.facebook.com\/roedvigferieby\" \/>\n<meta property=\"article:modified_time\" content=\"2026-02-10T11:14:55+00:00\" \/>\n<meta property=\"og:image\" content=\"https:\/\/roedvigferieby.dk\/wp-content\/uploads\/2026\/02\/Hotelhytte.jpg\" \/>\n\t<meta property=\"og:image:width\" content=\"892\" \/>\n\t<meta property=\"og:image:height\" content=\"633\" \/>\n\t<meta property=\"og:image:type\" content=\"image\/jpeg\" \/>\n<meta name=\"twitter:card\" content=\"summary_large_image\" \/>\n<meta name=\"twitter:label1\" content=\"Est. reading time\" \/>\n\t<meta name=\"twitter:data1\" content=\"2 minutes\" \/>\n<script type=\"application\/ld+json\" class=\"yoast-schema-graph\">{\"@context\":\"https:\\\/\\\/schema.org\",\"@graph\":[{\"@type\":\"WebPage\",\"@id\":\"https:\\\/\\\/roedvigferieby.dk\\\/en\\\/luxury-cabins\\\/\",\"url\":\"https:\\\/\\\/roedvigferieby.dk\\\/en\\\/luxury-cabins\\\/\",\"name\":\"Cozy hotel cabins with peace, nature and pampering\",\"isPartOf\":{\"@id\":\"https:\\\/\\\/roedvigferieby.dk\\\/en\\\/#website\"},\"primaryImageOfPage\":{\"@id\":\"https:\\\/\\\/roedvigferieby.dk\\\/en\\\/luxury-cabins\\\/#primaryimage\"},\"image\":{\"@id\":\"https:\\\/\\\/roedvigferieby.dk\\\/en\\\/luxury-cabins\\\/#primaryimage\"},\"thumbnailUrl\":\"https:\\\/\\\/roedvigferieby.dk\\\/wp-content\\\/uploads\\\/2026\\\/02\\\/Hotelhytte.jpg\",\"datePublished\":\"2026-02-04T15:02:21+00:00\",\"dateModified\":\"2026-02-10T11:14:55+00:00\",\"description\":\"Unplug and enjoy each other in our inviting 32 m\u00b2 hotel cabins, surrounded by nature and created for peace, presence and relaxation.\",\"breadcrumb\":{\"@id\":\"https:\\\/\\\/roedvigferieby.dk\\\/en\\\/luxury-cabins\\\/#breadcrumb\"},\"inLanguage\":\"en-US\",\"potentialAction\":[{\"@type\":\"ReadAction\",\"target\":[\"https:\\\/\\\/roedvigferieby.dk\\\/en\\\/luxury-cabins\\\/\"]}]},{\"@type\":\"ImageObject\",\"inLanguage\":\"en-US\",\"@id\":\"https:\\\/\\\/roedvigferieby.dk\\\/en\\\/luxury-cabins\\\/#primaryimage\",\"url\":\"https:\\\/\\\/roedvigferieby.dk\\\/wp-content\\\/uploads\\\/2026\\\/02\\\/Hotelhytte.jpg\",\"contentUrl\":\"https:\\\/\\\/roedvigferieby.dk\\\/wp-content\\\/uploads\\\/2026\\\/02\\\/Hotelhytte.jpg\",\"width\":892,\"height\":633},{\"@type\":\"BreadcrumbList\",\"@id\":\"https:\\\/\\\/roedvigferieby.dk\\\/en\\\/luxury-cabins\\\/#breadcrumb\",\"itemListElement\":[{\"@type\":\"ListItem\",\"position\":1,\"name\":\"Hjem\",\"item\":\"https:\\\/\\\/roedvigferieby.dk\\\/en\\\/\"},{\"@type\":\"ListItem\",\"position\":2,\"name\":\"Luxury Cabins\"}]},{\"@type\":\"WebSite\",\"@id\":\"https:\\\/\\\/roedvigferieby.dk\\\/en\\\/#website\",\"url\":\"https:\\\/\\\/roedvigferieby.dk\\\/en\\\/\",\"name\":\"R\u00f8dvig Ferieby\",\"description\":\"Ferieby, kursus- og konferencested n\u00e6r Stevns Klint i natursk\u00f8nne omgivelser\",\"publisher\":{\"@id\":\"https:\\\/\\\/roedvigferieby.dk\\\/en\\\/#organization\"},\"potentialAction\":[{\"@type\":\"SearchAction\",\"target\":{\"@type\":\"EntryPoint\",\"urlTemplate\":\"https:\\\/\\\/roedvigferieby.dk\\\/en\\\/?s={search_term_string}\"},\"query-input\":{\"@type\":\"PropertyValueSpecification\",\"valueRequired\":true,\"valueName\":\"search_term_string\"}}],\"inLanguage\":\"en-US\"},{\"@type\":\"Organization\",\"@id\":\"https:\\\/\\\/roedvigferieby.dk\\\/en\\\/#organization\",\"name\":\"R\u00f8dvig Ferieby\",\"url\":\"https:\\\/\\\/roedvigferieby.dk\\\/en\\\/\",\"logo\":{\"@type\":\"ImageObject\",\"inLanguage\":\"en-US\",\"@id\":\"https:\\\/\\\/roedvigferieby.dk\\\/en\\\/#\\\/schema\\\/logo\\\/image\\\/\",\"url\":\"https:\\\/\\\/roedvigferieby.dk\\\/ny\\\/wp-content\\\/uploads\\\/2022\\\/11\\\/RF-LOGO.png\",\"contentUrl\":\"https:\\\/\\\/roedvigferieby.dk\\\/ny\\\/wp-content\\\/uploads\\\/2022\\\/11\\\/RF-LOGO.png\",\"width\":700,\"height\":250,\"caption\":\"R\u00f8dvig Ferieby\"},\"image\":{\"@id\":\"https:\\\/\\\/roedvigferieby.dk\\\/en\\\/#\\\/schema\\\/logo\\\/image\\\/\"},\"sameAs\":[\"https:\\\/\\\/www.facebook.com\\\/roedvigferieby\",\"https:\\\/\\\/www.instagram.com\\\/roedvigferieby\\\/\"]}]}<\/script>\n<!-- \/ Yoast SEO plugin. -->","yoast_head_json":{"title":"Cozy hotel cabins with peace, nature and pampering","description":"Unplug and enjoy each other in our inviting 32 m\u00b2 hotel cabins, surrounded by nature and created for peace, presence and relaxation.","robots":{"index":"index","follow":"follow","max-snippet":"max-snippet:-1","max-image-preview":"max-image-preview:large","max-video-preview":"max-video-preview:-1"},"canonical":"https:\/\/roedvigferieby.dk\/en\/luxury-cabins\/","og_locale":"en_US","og_type":"article","og_title":"Cozy hotel cabins with peace, nature and pampering","og_description":"Unplug and enjoy each other in our inviting 32 m\u00b2 hotel cabins, surrounded by nature and created for peace, presence and relaxation.","og_url":"https:\/\/roedvigferieby.dk\/en\/luxury-cabins\/","og_site_name":"R\u00f8dvig Ferieby","article_publisher":"https:\/\/www.facebook.com\/roedvigferieby","article_modified_time":"2026-02-10T11:14:55+00:00","og_image":[{"width":892,"height":633,"url":"https:\/\/roedvigferieby.dk\/wp-content\/uploads\/2026\/02\/Hotelhytte.jpg","type":"image\/jpeg"}],"twitter_card":"summary_large_image","twitter_misc":{"Est. reading time":"2 minutes"},"schema":{"@context":"https:\/\/schema.org","@graph":[{"@type":"WebPage","@id":"https:\/\/roedvigferieby.dk\/en\/luxury-cabins\/","url":"https:\/\/roedvigferieby.dk\/en\/luxury-cabins\/","name":"Cozy hotel cabins with peace, nature and pampering","isPartOf":{"@id":"https:\/\/roedvigferieby.dk\/en\/#website"},"primaryImageOfPage":{"@id":"https:\/\/roedvigferieby.dk\/en\/luxury-cabins\/#primaryimage"},"image":{"@id":"https:\/\/roedvigferieby.dk\/en\/luxury-cabins\/#primaryimage"},"thumbnailUrl":"https:\/\/roedvigferieby.dk\/wp-content\/uploads\/2026\/02\/Hotelhytte.jpg","datePublished":"2026-02-04T15:02:21+00:00","dateModified":"2026-02-10T11:14:55+00:00","description":"Unplug and enjoy each other in our inviting 32 m\u00b2 hotel cabins, surrounded by nature and created for peace, presence and relaxation.","breadcrumb":{"@id":"https:\/\/roedvigferieby.dk\/en\/luxury-cabins\/#breadcrumb"},"inLanguage":"en-US","potentialAction":[{"@type":"ReadAction","target":["https:\/\/roedvigferieby.dk\/en\/luxury-cabins\/"]}]},{"@type":"ImageObject","inLanguage":"en-US","@id":"https:\/\/roedvigferieby.dk\/en\/luxury-cabins\/#primaryimage","url":"https:\/\/roedvigferieby.dk\/wp-content\/uploads\/2026\/02\/Hotelhytte.jpg","contentUrl":"https:\/\/roedvigferieby.dk\/wp-content\/uploads\/2026\/02\/Hotelhytte.jpg","width":892,"height":633},{"@type":"BreadcrumbList","@id":"https:\/\/roedvigferieby.dk\/en\/luxury-cabins\/#breadcrumb","itemListElement":[{"@type":"ListItem","position":1,"name":"Hjem","item":"https:\/\/roedvigferieby.dk\/en\/"},{"@type":"ListItem","position":2,"name":"Luxury Cabins"}]},{"@type":"WebSite","@id":"https:\/\/roedvigferieby.dk\/en\/#website","url":"https:\/\/roedvigferieby.dk\/en\/","name":"R\u00f8dvig Ferieby","description":"Ferieby, kursus- og konferencested n\u00e6r Stevns Klint i natursk\u00f8nne omgivelser","publisher":{"@id":"https:\/\/roedvigferieby.dk\/en\/#organization"},"potentialAction":[{"@type":"SearchAction","target":{"@type":"EntryPoint","urlTemplate":"https:\/\/roedvigferieby.dk\/en\/?s={search_term_string}"},"query-input":{"@type":"PropertyValueSpecification","valueRequired":true,"valueName":"search_term_string"}}],"inLanguage":"en-US"},{"@type":"Organization","@id":"https:\/\/roedvigferieby.dk\/en\/#organization","name":"R\u00f8dvig Ferieby","url":"https:\/\/roedvigferieby.dk\/en\/","logo":{"@type":"ImageObject","inLanguage":"en-US","@id":"https:\/\/roedvigferieby.dk\/en\/#\/schema\/logo\/image\/","url":"https:\/\/roedvigferieby.dk\/ny\/wp-content\/uploads\/2022\/11\/RF-LOGO.png","contentUrl":"https:\/\/roedvigferieby.dk\/ny\/wp-content\/uploads\/2022\/11\/RF-LOGO.png","width":700,"height":250,"caption":"R\u00f8dvig Ferieby"},"image":{"@id":"https:\/\/roedvigferieby.dk\/en\/#\/schema\/logo\/image\/"},"sameAs":["https:\/\/www.facebook.com\/roedvigferieby","https:\/\/www.instagram.com\/roedvigferieby\/"]}]}},"_links":{"self":[{"href":"https:\/\/roedvigferieby.dk\/en\/wp-json\/wp\/v2\/pages\/7877","targetHints":{"allow":["GET"]}}],"collection":[{"href":"https:\/\/roedvigferieby.dk\/en\/wp-json\/wp\/v2\/pages"}],"about":[{"href":"https:\/\/roedvigferieby.dk\/en\/wp-json\/wp\/v2\/types\/page"}],"author":[{"embeddable":true,"href":"https:\/\/roedvigferieby.dk\/en\/wp-json\/wp\/v2\/users\/1"}],"replies":[{"embeddable":true,"href":"https:\/\/roedvigferieby.dk\/en\/wp-json\/wp\/v2\/comments?post=7877"}],"version-history":[{"count":8,"href":"https:\/\/roedvigferieby.dk\/en\/wp-json\/wp\/v2\/pages\/7877\/revisions"}],"predecessor-version":[{"id":8099,"href":"https:\/\/roedvigferieby.dk\/en\/wp-json\/wp\/v2\/pages\/7877\/revisions\/8099"}],"wp:featuredmedia":[{"embeddable":true,"href":"https:\/\/roedvigferieby.dk\/en\/wp-json\/wp\/v2\/media\/7876"}],"wp:attachment":[{"href":"https:\/\/roedvigferieby.dk\/en\/wp-json\/wp\/v2\/media?parent=7877"}],"curies":[{"name":"wp","href":"https:\/\/api.w.org\/{rel}","templated":true}]}}