{"id":3088,"date":"2022-11-24T12:48:48","date_gmt":"2022-11-24T11:48:48","guid":{"rendered":"https:\/\/roedvigferieby.dk\/ny\/?page_id=3088"},"modified":"2023-01-17T16:49:28","modified_gmt":"2023-01-17T15:49:28","slug":"privacy-policy","status":"publish","type":"page","link":"https:\/\/roedvigferieby.dk\/en\/privacy-policy\/","title":{"rendered":"Privacy Policy"},"content":{"rendered":"\t\t<div data-elementor-type=\"wp-page\" data-elementor-id=\"3088\" class=\"elementor elementor-3088 elementor-3\" data-elementor-post-type=\"page\">\n\t\t\t\t\t\t<section data-particle_enable=\"false\" data-particle-mobile-disabled=\"false\" class=\"elementor-section elementor-top-section elementor-element elementor-element-7836001b elementor-section-content-bottom elementor-section-height-min-height elementor-section-boxed elementor-section-height-default elementor-section-items-middle\" data-id=\"7836001b\" data-element_type=\"section\" data-e-type=\"section\" data-settings=\"{&quot;background_background&quot;:&quot;classic&quot;}\">\n\t\t\t\t\t\t\t<div class=\"elementor-background-overlay\"><\/div>\n\t\t\t\t\t\t\t<div class=\"elementor-container elementor-column-gap-default\">\n\t\t\t\t\t<div class=\"elementor-column elementor-col-100 elementor-top-column elementor-element elementor-element-4b7dd144\" data-id=\"4b7dd144\" data-element_type=\"column\" data-e-type=\"column\">\n\t\t\t<div class=\"elementor-widget-wrap elementor-element-populated\">\n\t\t\t\t\t\t<div class=\"elementor-element elementor-element-3b2c5434 elementor-widget elementor-widget-heading\" data-id=\"3b2c5434\" data-element_type=\"widget\" data-e-type=\"widget\" data-widget_type=\"heading.default\">\n\t\t\t\t<div class=\"elementor-widget-container\">\n\t\t\t\t\t<h1 class=\"elementor-heading-title elementor-size-default\">Privacy Policy  <\/h1>\t\t\t\t<\/div>\n\t\t\t\t<\/div>\n\t\t\t\t\t<\/div>\n\t\t<\/div>\n\t\t\t\t\t<\/div>\n\t\t<\/section>\n\t\t\t\t<section data-particle_enable=\"false\" data-particle-mobile-disabled=\"false\" class=\"elementor-section elementor-top-section elementor-element elementor-element-72704d1e elementor-section-boxed elementor-section-height-default elementor-section-height-default\" data-id=\"72704d1e\" data-element_type=\"section\" data-e-type=\"section\">\n\t\t\t\t\t\t<div class=\"elementor-container elementor-column-gap-default\">\n\t\t\t\t\t<div class=\"elementor-column elementor-col-100 elementor-top-column elementor-element elementor-element-4f448394\" data-id=\"4f448394\" data-element_type=\"column\" data-e-type=\"column\">\n\t\t\t<div class=\"elementor-widget-wrap elementor-element-populated\">\n\t\t\t\t\t\t<div class=\"elementor-element elementor-element-34582fdb elementor-widget elementor-widget-text-editor\" data-id=\"34582fdb\" data-element_type=\"widget\" data-e-type=\"widget\" data-widget_type=\"text-editor.default\">\n\t\t\t\t<div class=\"elementor-widget-container\">\n\t\t\t\t\t\t\t\t\t<h2>Data Protection Officer<\/h2><p>Claus H\u00f8genhaug<br \/>Telephone: 23237484<br \/>Mail: claus@roedvigferieby.dk<\/p><p>If you have questions about personal data, etc., you can address them to the contact person above.<\/p><p>Excerpt from R\u00f8dvig Ferieby&#8217;s data protection policy (The full policy can be obtained from the above contact person):<\/p><p>R\u00f8dvig Ferieby processes only a few data in connection with stays, events, etc.<\/p><p>This applies to name, address, telephone number, stay activities, and email.<\/p><p>Data are stored with a data processor with whom a data processing agreement has been concluded.<\/p><p>All data is deleted or anonymized after five years from the last activity.<\/p>\t\t\t\t\t\t\t\t<\/div>\n\t\t\t\t<\/div>\n\t\t\t\t\t<\/div>\n\t\t<\/div>\n\t\t\t\t\t<\/div>\n\t\t<\/section>\n\t\t\t\t<\/div>\n\t\t","protected":false},"excerpt":{"rendered":"<p>Privacy Policy Data Protection Officer Claus H\u00f8genhaug Telephone: 23237484 Mail: claus@roedvigferieby.dk If you have questions about personal data, etc., you can address them to the contact person above. Excerpt from R\u00f8dvig Ferieby&#8217;s data protection policy (The full policy can be obtained from the above contact person): R\u00f8dvig Ferieby processes only a few data in connection [&hellip;]<\/p>\n","protected":false},"author":3,"featured_media":1939,"parent":0,"menu_order":0,"comment_status":"closed","ping_status":"closed","template":"elementor_header_footer","meta":{"footnotes":""},"class_list":["post-3088","page","type-page","status-publish","has-post-thumbnail","hentry"],"yoast_head":"<!-- This site is optimized with the Yoast SEO plugin v27.4 - https:\/\/yoast.com\/product\/yoast-seo-wordpress\/ -->\n<title>Privacy Policy | R\u00f8dvig Ferieby | How we process your data<\/title>\n<meta name=\"description\" content=\"How we process your personal information. At R\u00f8dvig Ferieby, we give high priority to data security and confidentiality.\" \/>\n<meta name=\"robots\" content=\"index, follow, max-snippet:-1, max-image-preview:large, max-video-preview:-1\" \/>\n<link rel=\"canonical\" href=\"https:\/\/roedvigferieby.dk\/en\/privacy-policy\/\" \/>\n<meta property=\"og:locale\" content=\"en_US\" \/>\n<meta property=\"og:type\" content=\"article\" \/>\n<meta property=\"og:title\" content=\"Privacy Policy | R\u00f8dvig Ferieby | How we process your data\" \/>\n<meta property=\"og:description\" content=\"How we process your personal information. At R\u00f8dvig Ferieby, we give high priority to data security and confidentiality.\" \/>\n<meta property=\"og:url\" content=\"https:\/\/roedvigferieby.dk\/en\/privacy-policy\/\" \/>\n<meta property=\"og:site_name\" content=\"R\u00f8dvig Ferieby\" \/>\n<meta property=\"article:publisher\" content=\"https:\/\/www.facebook.com\/roedvigferieby\" \/>\n<meta property=\"article:modified_time\" content=\"2023-01-17T15:49:28+00:00\" \/>\n<meta property=\"og:image\" content=\"https:\/\/roedvigferieby.dk\/wp-content\/uploads\/2022\/11\/93334381_3149302145103889_7820293890124021760_o-e1668114157949-1.jpg\" \/>\n\t<meta property=\"og:image:width\" content=\"1600\" \/>\n\t<meta property=\"og:image:height\" content=\"1066\" \/>\n\t<meta property=\"og:image:type\" content=\"image\/jpeg\" \/>\n<meta name=\"twitter:card\" content=\"summary_large_image\" \/>\n<meta name=\"twitter:label1\" content=\"Est. reading time\" \/>\n\t<meta name=\"twitter:data1\" content=\"1 minute\" \/>\n<script type=\"application\/ld+json\" class=\"yoast-schema-graph\">{\"@context\":\"https:\\\/\\\/schema.org\",\"@graph\":[{\"@type\":\"WebPage\",\"@id\":\"https:\\\/\\\/roedvigferieby.dk\\\/en\\\/privacy-policy\\\/\",\"url\":\"https:\\\/\\\/roedvigferieby.dk\\\/en\\\/privacy-policy\\\/\",\"name\":\"Privacy Policy | R\u00f8dvig Ferieby | How we process your data\",\"isPartOf\":{\"@id\":\"https:\\\/\\\/roedvigferieby.dk\\\/en\\\/#website\"},\"primaryImageOfPage\":{\"@id\":\"https:\\\/\\\/roedvigferieby.dk\\\/en\\\/privacy-policy\\\/#primaryimage\"},\"image\":{\"@id\":\"https:\\\/\\\/roedvigferieby.dk\\\/en\\\/privacy-policy\\\/#primaryimage\"},\"thumbnailUrl\":\"https:\\\/\\\/roedvigferieby.dk\\\/wp-content\\\/uploads\\\/2022\\\/11\\\/93334381_3149302145103889_7820293890124021760_o-e1668114157949-1.jpg\",\"datePublished\":\"2022-11-24T11:48:48+00:00\",\"dateModified\":\"2023-01-17T15:49:28+00:00\",\"description\":\"How we process your personal information. At R\u00f8dvig Ferieby, we give high priority to data security and confidentiality.\",\"breadcrumb\":{\"@id\":\"https:\\\/\\\/roedvigferieby.dk\\\/en\\\/privacy-policy\\\/#breadcrumb\"},\"inLanguage\":\"en-US\",\"potentialAction\":[{\"@type\":\"ReadAction\",\"target\":[\"https:\\\/\\\/roedvigferieby.dk\\\/en\\\/privacy-policy\\\/\"]}]},{\"@type\":\"ImageObject\",\"inLanguage\":\"en-US\",\"@id\":\"https:\\\/\\\/roedvigferieby.dk\\\/en\\\/privacy-policy\\\/#primaryimage\",\"url\":\"https:\\\/\\\/roedvigferieby.dk\\\/wp-content\\\/uploads\\\/2022\\\/11\\\/93334381_3149302145103889_7820293890124021760_o-e1668114157949-1.jpg\",\"contentUrl\":\"https:\\\/\\\/roedvigferieby.dk\\\/wp-content\\\/uploads\\\/2022\\\/11\\\/93334381_3149302145103889_7820293890124021760_o-e1668114157949-1.jpg\",\"width\":1600,\"height\":1066,\"caption\":\"R\u00f8dvig Ferieby I Ferie I B&amp;B I Konference I Natursk\u00f8nne omgivelser med skov, marker, kyst og klint i n\u00e6rheden\"},{\"@type\":\"BreadcrumbList\",\"@id\":\"https:\\\/\\\/roedvigferieby.dk\\\/en\\\/privacy-policy\\\/#breadcrumb\",\"itemListElement\":[{\"@type\":\"ListItem\",\"position\":1,\"name\":\"Hjem\",\"item\":\"https:\\\/\\\/roedvigferieby.dk\\\/en\\\/\"},{\"@type\":\"ListItem\",\"position\":2,\"name\":\"Privacy Policy\"}]},{\"@type\":\"WebSite\",\"@id\":\"https:\\\/\\\/roedvigferieby.dk\\\/en\\\/#website\",\"url\":\"https:\\\/\\\/roedvigferieby.dk\\\/en\\\/\",\"name\":\"R\u00f8dvig Ferieby\",\"description\":\"Ferieby, kursus- og konferencested n\u00e6r Stevns Klint i natursk\u00f8nne omgivelser\",\"publisher\":{\"@id\":\"https:\\\/\\\/roedvigferieby.dk\\\/en\\\/#organization\"},\"potentialAction\":[{\"@type\":\"SearchAction\",\"target\":{\"@type\":\"EntryPoint\",\"urlTemplate\":\"https:\\\/\\\/roedvigferieby.dk\\\/en\\\/?s={search_term_string}\"},\"query-input\":{\"@type\":\"PropertyValueSpecification\",\"valueRequired\":true,\"valueName\":\"search_term_string\"}}],\"inLanguage\":\"en-US\"},{\"@type\":\"Organization\",\"@id\":\"https:\\\/\\\/roedvigferieby.dk\\\/en\\\/#organization\",\"name\":\"R\u00f8dvig Ferieby\",\"url\":\"https:\\\/\\\/roedvigferieby.dk\\\/en\\\/\",\"logo\":{\"@type\":\"ImageObject\",\"inLanguage\":\"en-US\",\"@id\":\"https:\\\/\\\/roedvigferieby.dk\\\/en\\\/#\\\/schema\\\/logo\\\/image\\\/\",\"url\":\"https:\\\/\\\/roedvigferieby.dk\\\/ny\\\/wp-content\\\/uploads\\\/2022\\\/11\\\/RF-LOGO.png\",\"contentUrl\":\"https:\\\/\\\/roedvigferieby.dk\\\/ny\\\/wp-content\\\/uploads\\\/2022\\\/11\\\/RF-LOGO.png\",\"width\":700,\"height\":250,\"caption\":\"R\u00f8dvig Ferieby\"},\"image\":{\"@id\":\"https:\\\/\\\/roedvigferieby.dk\\\/en\\\/#\\\/schema\\\/logo\\\/image\\\/\"},\"sameAs\":[\"https:\\\/\\\/www.facebook.com\\\/roedvigferieby\",\"https:\\\/\\\/www.instagram.com\\\/roedvigferieby\\\/\"]}]}<\/script>\n<!-- \/ Yoast SEO plugin. -->","yoast_head_json":{"title":"Privacy Policy | R\u00f8dvig Ferieby | How we process your data","description":"How we process your personal information. At R\u00f8dvig Ferieby, we give high priority to data security and confidentiality.","robots":{"index":"index","follow":"follow","max-snippet":"max-snippet:-1","max-image-preview":"max-image-preview:large","max-video-preview":"max-video-preview:-1"},"canonical":"https:\/\/roedvigferieby.dk\/en\/privacy-policy\/","og_locale":"en_US","og_type":"article","og_title":"Privacy Policy | R\u00f8dvig Ferieby | How we process your data","og_description":"How we process your personal information. At R\u00f8dvig Ferieby, we give high priority to data security and confidentiality.","og_url":"https:\/\/roedvigferieby.dk\/en\/privacy-policy\/","og_site_name":"R\u00f8dvig Ferieby","article_publisher":"https:\/\/www.facebook.com\/roedvigferieby","article_modified_time":"2023-01-17T15:49:28+00:00","og_image":[{"width":1600,"height":1066,"url":"https:\/\/roedvigferieby.dk\/wp-content\/uploads\/2022\/11\/93334381_3149302145103889_7820293890124021760_o-e1668114157949-1.jpg","type":"image\/jpeg"}],"twitter_card":"summary_large_image","twitter_misc":{"Est. reading time":"1 minute"},"schema":{"@context":"https:\/\/schema.org","@graph":[{"@type":"WebPage","@id":"https:\/\/roedvigferieby.dk\/en\/privacy-policy\/","url":"https:\/\/roedvigferieby.dk\/en\/privacy-policy\/","name":"Privacy Policy | R\u00f8dvig Ferieby | How we process your data","isPartOf":{"@id":"https:\/\/roedvigferieby.dk\/en\/#website"},"primaryImageOfPage":{"@id":"https:\/\/roedvigferieby.dk\/en\/privacy-policy\/#primaryimage"},"image":{"@id":"https:\/\/roedvigferieby.dk\/en\/privacy-policy\/#primaryimage"},"thumbnailUrl":"https:\/\/roedvigferieby.dk\/wp-content\/uploads\/2022\/11\/93334381_3149302145103889_7820293890124021760_o-e1668114157949-1.jpg","datePublished":"2022-11-24T11:48:48+00:00","dateModified":"2023-01-17T15:49:28+00:00","description":"How we process your personal information. At R\u00f8dvig Ferieby, we give high priority to data security and confidentiality.","breadcrumb":{"@id":"https:\/\/roedvigferieby.dk\/en\/privacy-policy\/#breadcrumb"},"inLanguage":"en-US","potentialAction":[{"@type":"ReadAction","target":["https:\/\/roedvigferieby.dk\/en\/privacy-policy\/"]}]},{"@type":"ImageObject","inLanguage":"en-US","@id":"https:\/\/roedvigferieby.dk\/en\/privacy-policy\/#primaryimage","url":"https:\/\/roedvigferieby.dk\/wp-content\/uploads\/2022\/11\/93334381_3149302145103889_7820293890124021760_o-e1668114157949-1.jpg","contentUrl":"https:\/\/roedvigferieby.dk\/wp-content\/uploads\/2022\/11\/93334381_3149302145103889_7820293890124021760_o-e1668114157949-1.jpg","width":1600,"height":1066,"caption":"R\u00f8dvig Ferieby I Ferie I B&amp;B I Konference I Natursk\u00f8nne omgivelser med skov, marker, kyst og klint i n\u00e6rheden"},{"@type":"BreadcrumbList","@id":"https:\/\/roedvigferieby.dk\/en\/privacy-policy\/#breadcrumb","itemListElement":[{"@type":"ListItem","position":1,"name":"Hjem","item":"https:\/\/roedvigferieby.dk\/en\/"},{"@type":"ListItem","position":2,"name":"Privacy Policy"}]},{"@type":"WebSite","@id":"https:\/\/roedvigferieby.dk\/en\/#website","url":"https:\/\/roedvigferieby.dk\/en\/","name":"R\u00f8dvig Ferieby","description":"Ferieby, kursus- og konferencested n\u00e6r Stevns Klint i natursk\u00f8nne omgivelser","publisher":{"@id":"https:\/\/roedvigferieby.dk\/en\/#organization"},"potentialAction":[{"@type":"SearchAction","target":{"@type":"EntryPoint","urlTemplate":"https:\/\/roedvigferieby.dk\/en\/?s={search_term_string}"},"query-input":{"@type":"PropertyValueSpecification","valueRequired":true,"valueName":"search_term_string"}}],"inLanguage":"en-US"},{"@type":"Organization","@id":"https:\/\/roedvigferieby.dk\/en\/#organization","name":"R\u00f8dvig Ferieby","url":"https:\/\/roedvigferieby.dk\/en\/","logo":{"@type":"ImageObject","inLanguage":"en-US","@id":"https:\/\/roedvigferieby.dk\/en\/#\/schema\/logo\/image\/","url":"https:\/\/roedvigferieby.dk\/ny\/wp-content\/uploads\/2022\/11\/RF-LOGO.png","contentUrl":"https:\/\/roedvigferieby.dk\/ny\/wp-content\/uploads\/2022\/11\/RF-LOGO.png","width":700,"height":250,"caption":"R\u00f8dvig Ferieby"},"image":{"@id":"https:\/\/roedvigferieby.dk\/en\/#\/schema\/logo\/image\/"},"sameAs":["https:\/\/www.facebook.com\/roedvigferieby","https:\/\/www.instagram.com\/roedvigferieby\/"]}]}},"_links":{"self":[{"href":"https:\/\/roedvigferieby.dk\/en\/wp-json\/wp\/v2\/pages\/3088","targetHints":{"allow":["GET"]}}],"collection":[{"href":"https:\/\/roedvigferieby.dk\/en\/wp-json\/wp\/v2\/pages"}],"about":[{"href":"https:\/\/roedvigferieby.dk\/en\/wp-json\/wp\/v2\/types\/page"}],"author":[{"embeddable":true,"href":"https:\/\/roedvigferieby.dk\/en\/wp-json\/wp\/v2\/users\/3"}],"replies":[{"embeddable":true,"href":"https:\/\/roedvigferieby.dk\/en\/wp-json\/wp\/v2\/comments?post=3088"}],"version-history":[{"count":0,"href":"https:\/\/roedvigferieby.dk\/en\/wp-json\/wp\/v2\/pages\/3088\/revisions"}],"wp:featuredmedia":[{"embeddable":true,"href":"https:\/\/roedvigferieby.dk\/en\/wp-json\/wp\/v2\/media\/1939"}],"wp:attachment":[{"href":"https:\/\/roedvigferieby.dk\/en\/wp-json\/wp\/v2\/media?parent=3088"}],"curies":[{"name":"wp","href":"https:\/\/api.w.org\/{rel}","templated":true}]}}