{"id":3051,"date":"2022-12-06T11:22:14","date_gmt":"2022-12-06T10:22:14","guid":{"rendered":"https:\/\/roedvigferieby.dk\/ny\/?page_id=3051"},"modified":"2023-01-16T22:07:49","modified_gmt":"2023-01-16T21:07:49","slug":"contact","status":"publish","type":"page","link":"https:\/\/roedvigferieby.dk\/en\/contact\/","title":{"rendered":"Contact"},"content":{"rendered":"\t\t<div data-elementor-type=\"wp-page\" data-elementor-id=\"3051\" class=\"elementor elementor-3051 elementor-1058\" data-elementor-post-type=\"page\">\n\t\t\t\t\t\t<section data-particle_enable=\"false\" data-particle-mobile-disabled=\"false\" class=\"elementor-section elementor-top-section elementor-element elementor-element-6bd59c1 elementor-section-content-bottom elementor-section-height-min-height elementor-section-boxed elementor-section-height-default elementor-section-items-middle\" data-id=\"6bd59c1\" data-element_type=\"section\" data-e-type=\"section\" data-settings=\"{&quot;background_background&quot;:&quot;slideshow&quot;,&quot;background_slideshow_gallery&quot;:[{&quot;id&quot;:103,&quot;url&quot;:&quot;https:\\\/\\\/roedvigferieby.dk\\\/ny\\\/wp-content\\\/uploads\\\/2022\\\/11\\\/DSF1525-1.jpg&quot;}],&quot;background_slideshow_loop&quot;:&quot;yes&quot;,&quot;background_slideshow_slide_duration&quot;:5000,&quot;background_slideshow_slide_transition&quot;:&quot;fade&quot;,&quot;background_slideshow_transition_duration&quot;:500}\">\n\t\t\t\t\t\t\t<div class=\"elementor-background-overlay\"><\/div>\n\t\t\t\t\t\t\t<div class=\"elementor-container elementor-column-gap-default\">\n\t\t\t\t\t<div class=\"elementor-column elementor-col-100 elementor-top-column elementor-element elementor-element-1e5b1b51\" data-id=\"1e5b1b51\" data-element_type=\"column\" data-e-type=\"column\">\n\t\t\t<div class=\"elementor-widget-wrap elementor-element-populated\">\n\t\t\t\t\t\t<div class=\"elementor-element elementor-element-9617cb3 elementor-widget elementor-widget-heading\" data-id=\"9617cb3\" data-element_type=\"widget\" data-e-type=\"widget\" data-widget_type=\"heading.default\">\n\t\t\t\t<div class=\"elementor-widget-container\">\n\t\t\t\t\t<h1 class=\"elementor-heading-title elementor-size-default\">Contact us<\/h1>\t\t\t\t<\/div>\n\t\t\t\t<\/div>\n\t\t\t\t\t<\/div>\n\t\t<\/div>\n\t\t\t\t\t<\/div>\n\t\t<\/section>\n\t\t\t\t<section data-particle_enable=\"false\" data-particle-mobile-disabled=\"false\" class=\"elementor-section elementor-top-section elementor-element elementor-element-95da8ec elementor-section-content-middle elementor-reverse-mobile elementor-section-boxed elementor-section-height-default elementor-section-height-default\" data-id=\"95da8ec\" data-element_type=\"section\" data-e-type=\"section\" data-settings=\"{&quot;background_background&quot;:&quot;classic&quot;}\">\n\t\t\t\t\t\t<div class=\"elementor-container elementor-column-gap-default\">\n\t\t\t\t\t<div class=\"elementor-column elementor-col-50 elementor-top-column elementor-element elementor-element-0847524\" data-id=\"0847524\" data-element_type=\"column\" data-e-type=\"column\">\n\t\t\t<div class=\"elementor-widget-wrap elementor-element-populated\">\n\t\t\t\t\t\t<div class=\"elementor-element elementor-element-7443704 elementor-widget elementor-widget-heading\" data-id=\"7443704\" data-element_type=\"widget\" data-e-type=\"widget\" data-widget_type=\"heading.default\">\n\t\t\t\t<div class=\"elementor-widget-container\">\n\t\t\t\t\t<h2 class=\"elementor-heading-title elementor-size-default\">Contact us<\/h2>\t\t\t\t<\/div>\n\t\t\t\t<\/div>\n\t\t\t\t<div class=\"elementor-element elementor-element-93ba8bd elementor-widget elementor-widget-text-editor\" data-id=\"93ba8bd\" data-element_type=\"widget\" data-e-type=\"widget\" data-widget_type=\"text-editor.default\">\n\t\t\t\t<div class=\"elementor-widget-container\">\n\t\t\t\t\t\t\t\t\t<p><div class=\"wpforms-container wpforms-container-full\" id=\"wpforms-3058\"><form id=\"wpforms-form-3058\" class=\"wpforms-validate wpforms-form wpforms-ajax-form\" data-formid=\"3058\" method=\"post\" enctype=\"multipart\/form-data\" action=\"\/en\/wp-json\/wp\/v2\/pages\/3051\" data-token=\"42d775be7d1a72ff3a1de60b01d308d4\" data-token-time=\"1775616410\"><noscript class=\"wpforms-error-noscript\">Please enable JavaScript in your browser to complete this form.<\/noscript><div class=\"wpforms-field-container\"><div id=\"wpforms-3058-field_0-container\" class=\"wpforms-field wpforms-field-name\" data-field-id=\"0\"><label class=\"wpforms-field-label\" for=\"wpforms-3058-field_0\">Name <span class=\"wpforms-required-label\">*<\/span><\/label><input type=\"text\" id=\"wpforms-3058-field_0\" class=\"wpforms-field-medium wpforms-field-required\" name=\"wpforms[fields][0]\" required><\/div><div id=\"wpforms-3058-field_1-container\" class=\"wpforms-field wpforms-field-email\" data-field-id=\"1\"><label class=\"wpforms-field-label\" for=\"wpforms-3058-field_1\">E-mail <span class=\"wpforms-required-label\">*<\/span><\/label><input type=\"email\" id=\"wpforms-3058-field_1\" class=\"wpforms-field-medium wpforms-field-required\" name=\"wpforms[fields][1]\" spellcheck=\"false\" required><\/div><div id=\"wpforms-3058-field_2-container\" class=\"wpforms-field wpforms-field-textarea\" data-field-id=\"2\"><label class=\"wpforms-field-label\" for=\"wpforms-3058-field_2\">Message<\/label><textarea id=\"wpforms-3058-field_2\" class=\"wpforms-field-medium\" name=\"wpforms[fields][2]\" ><\/textarea><\/div><div id=\"wpforms-3058-field_3-container\" class=\"wpforms-field wpforms-field-captcha\" data-field-id=\"3\"><label class=\"wpforms-field-label\" for=\"wpforms-3058-field_3\">Are you human? <span class=\"wpforms-required-label\">*<\/span><\/label>\t\t\t<div class=\"wpforms-captcha-math\">\n\t\t\t\t<span id=\"wpforms-3058-field_3-question\" class=\"wpforms-captcha-equation\">\n\t\t\t\t\t<span class=\"n1\">10<\/span>\n\t\t\t\t\t\t\t<span class=\"cal\">+<\/span>\n\t\t\t\t\t\t\t<span class=\"n2\">5<\/span>\t\t\t\t\t<span class=\"e\">=<\/span>\n\t\t\t\t<\/span>\n\t\t\t\t<input type=\"text\" id=\"wpforms-3058-field_3\" class=\"wpforms-field-medium wpforms-field-required a\" data-rule-wpf-captcha=\"math\" data-is-wrapped-field=\"1\" name=\"wpforms[fields][3][a]\" aria-describedby=\"wpforms-3058-field_3-question\" required>\t\t\t\t<input type=\"hidden\" name=\"wpforms[fields][3][cal]\" class=\"cal\">\n\t\t\t\t<input type=\"hidden\" name=\"wpforms[fields][3][n2]\" class=\"n2\">\n\t\t\t\t<input type=\"hidden\" name=\"wpforms[fields][3][n1]\" class=\"n1\">\n\t\t\t<\/div>\n\t\t\t<\/div><\/div><!-- .wpforms-field-container --><div class=\"wpforms-submit-container\" ><input type=\"hidden\" name=\"wpforms[id]\" value=\"3058\"><input type=\"hidden\" name=\"page_title\" value=\"\"><input type=\"hidden\" name=\"page_url\" value=\"https:\/\/roedvigferieby.dk\/en\/wp-json\/wp\/v2\/pages\/3051\"><input type=\"hidden\" name=\"url_referer\" value=\"\"><button type=\"submit\" name=\"wpforms[submit]\" id=\"wpforms-submit-3058\" class=\"wpforms-submit\" data-alt-text=\"Sending...\" data-submit-text=\"Send\" aria-live=\"assertive\" value=\"wpforms-submit\">Send<\/button><img decoding=\"async\" src=\"https:\/\/roedvigferieby.dk\/wp-content\/plugins\/wpforms\/assets\/images\/submit-spin.svg\" class=\"wpforms-submit-spinner\" style=\"display: none;\" width=\"26\" height=\"26\" alt=\"Loading\"><\/div><\/form><\/div>  <!-- .wpforms-container --><\/p>\t\t\t\t\t\t\t\t<\/div>\n\t\t\t\t<\/div>\n\t\t\t\t\t<\/div>\n\t\t<\/div>\n\t\t\t\t<div class=\"elementor-column elementor-col-50 elementor-top-column elementor-element elementor-element-c8823d3\" data-id=\"c8823d3\" data-element_type=\"column\" data-e-type=\"column\">\n\t\t\t<div class=\"elementor-widget-wrap elementor-element-populated\">\n\t\t\t\t\t\t<div class=\"elementor-element elementor-element-5974c1c elementor-widget elementor-widget-image\" data-id=\"5974c1c\" data-element_type=\"widget\" data-e-type=\"widget\" loading=\"lazy\" data-widget_type=\"image.default\">\n\t\t\t\t<div class=\"elementor-widget-container\">\n\t\t\t\t\t\t\t\t\t\t\t\t\t\t\t<img fetchpriority=\"high\" decoding=\"async\" width=\"2560\" height=\"1706\" src=\"https:\/\/roedvigferieby.dk\/wp-content\/uploads\/2022\/12\/Mette-og-Claus-scaled.jpg\" class=\"attachment-full size-full wp-image-8285\" alt=\"R\u00f8dvig Ferieby I Ferie I B&amp;B I Konference I Natursk\u00f8nne omgivelser med skov, marker, kyst og klint i n\u00e6rheden\" srcset=\"https:\/\/roedvigferieby.dk\/wp-content\/uploads\/2022\/12\/Mette-og-Claus-scaled.jpg 2560w, https:\/\/roedvigferieby.dk\/wp-content\/uploads\/2022\/12\/Mette-og-Claus-300x200.jpg 300w, https:\/\/roedvigferieby.dk\/wp-content\/uploads\/2022\/12\/Mette-og-Claus-1024x683.jpg 1024w, https:\/\/roedvigferieby.dk\/wp-content\/uploads\/2022\/12\/Mette-og-Claus-768x512.jpg 768w, https:\/\/roedvigferieby.dk\/wp-content\/uploads\/2022\/12\/Mette-og-Claus-1536x1024.jpg 1536w, https:\/\/roedvigferieby.dk\/wp-content\/uploads\/2022\/12\/Mette-og-Claus-2048x1365.jpg 2048w\" sizes=\"(max-width: 2560px) 100vw, 2560px\" \/>\t\t\t\t\t\t\t\t\t\t\t\t\t\t\t<\/div>\n\t\t\t\t<\/div>\n\t\t\t\t\t<\/div>\n\t\t<\/div>\n\t\t\t\t\t<\/div>\n\t\t<\/section>\n\t\t\t\t<section data-particle_enable=\"false\" data-particle-mobile-disabled=\"false\" class=\"elementor-section elementor-top-section elementor-element elementor-element-3a3c35b0 elementor-section-full_width elementor-section-stretched elementor-section-height-default elementor-section-height-default\" data-id=\"3a3c35b0\" data-element_type=\"section\" data-e-type=\"section\" data-settings=\"{&quot;background_background&quot;:&quot;classic&quot;,&quot;stretch_section&quot;:&quot;section-stretched&quot;}\">\n\t\t\t\t\t\t<div class=\"elementor-container elementor-column-gap-default\">\n\t\t\t\t\t<div class=\"elementor-column elementor-col-100 elementor-top-column elementor-element elementor-element-1a0450e3\" data-id=\"1a0450e3\" data-element_type=\"column\" data-e-type=\"column\">\n\t\t\t<div class=\"elementor-widget-wrap elementor-element-populated\">\n\t\t\t\t\t\t<div class=\"elementor-element elementor-element-749ee9b8 elementor-pagination-position-outside elementor--h-position-center elementor--v-position-middle elementor-arrows-position-inside elementor-widget elementor-widget-slides\" data-id=\"749ee9b8\" data-element_type=\"widget\" data-e-type=\"widget\" data-settings=\"{&quot;transition&quot;:&quot;fade&quot;,&quot;navigation&quot;:&quot;both&quot;,&quot;autoplay&quot;:&quot;yes&quot;,&quot;pause_on_hover&quot;:&quot;yes&quot;,&quot;pause_on_interaction&quot;:&quot;yes&quot;,&quot;autoplay_speed&quot;:5000,&quot;infinite&quot;:&quot;yes&quot;,&quot;transition_speed&quot;:500}\" data-widget_type=\"slides.default\">\n\t\t\t\t<div class=\"elementor-widget-container\">\n\t\t\t\t\t\t\t\t\t<div class=\"elementor-swiper\">\n\t\t\t\t\t<div class=\"elementor-slides-wrapper elementor-main-swiper swiper\" role=\"region\" aria-roledescription=\"carousel\" aria-label=\"Slides\" dir=\"ltr\" data-animation=\"fadeInUp\">\n\t\t\t\t<div class=\"swiper-wrapper elementor-slides\">\n\t\t\t\t\t\t\t\t\t\t<div class=\"elementor-repeater-item-962a36e swiper-slide\" role=\"group\" aria-roledescription=\"slide\"><div class=\"swiper-slide-bg\" role=\"img\" aria-label=\"R\u00f8dvig Ferieby I Ferie I B&amp;B I Konference I Natursk\u00f8nne omgivelser med skov, marker, kyst og klint i n\u00e6rheden\"><\/div><div class=\"elementor-background-overlay\"><\/div><a class=\"swiper-slide-inner\" href=\"https:\/\/www.google.com\/search?q=r%C3%B8dvig+ferieby\" target=\"_blank\"><div class=\"swiper-slide-contents\"><div class=\"elementor-slide-heading\">Super delicious lunch<\/div><div class=\"elementor-slide-description\"><p>Very delicious lunch with sandwiches that had just been given a little twist. Bottom of delicious homemade rye bread. Friendly and efficient service. I'll be back.<\/p>\n<p>Charlotte B\u00fclow, Review on google<\/p>\n<\/div><div  class=\"elementor-button elementor-slide-button elementor-size-sm\">READ MORE REVIEWS FROM GOOGLE<\/div><\/div><\/a><\/div><div class=\"elementor-repeater-item-e703f33 swiper-slide\" role=\"group\" aria-roledescription=\"slide\"><div class=\"swiper-slide-bg\" role=\"img\" aria-label=\"R\u00f8dvig Ferieby I Ferie I B&amp;B I Konference I Natursk\u00f8nne omgivelser med skov, marker, kyst og klint i n\u00e6rheden\"><\/div><div class=\"elementor-background-overlay\"><\/div><a class=\"swiper-slide-inner\" href=\"https:\/\/www.booking.com\/hotel\/dk\/stevns-holliday-center.da.html#tab-reviews\" target=\"_blank\"><div class=\"swiper-slide-contents\"><div class=\"elementor-slide-heading\">Cosy little cottage village<\/div><div class=\"elementor-slide-description\"><p>Very good reception by the host, very high cleaning standard, very good mattresses, good equipment in the cabin, lacks nothing.  <\/p>\n<p>Good opportunities to book breakfast and events with communal dining. Super WiFi in the cabin. You feel safe and welcome in the cottage village.  <\/p>\n<p>Mette, review on Booking.com  <\/p>\n<\/div><div  class=\"elementor-button elementor-slide-button elementor-size-sm\">READ MORE REVIEWS ON HOTELS.COM<\/div><\/div><\/a><\/div>\t\t\t\t<\/div>\n\t\t\t\t\t\t\t\t\t\t\t\t\t\t\t<div class=\"elementor-swiper-button elementor-swiper-button-prev\" role=\"button\" tabindex=\"0\" aria-label=\"Previous slide\">\n\t\t\t\t\t\t\t<i aria-hidden=\"true\" class=\"eicon-chevron-left\"><\/i>\t\t\t\t\t\t<\/div>\n\t\t\t\t\t\t<div class=\"elementor-swiper-button elementor-swiper-button-next\" role=\"button\" tabindex=\"0\" aria-label=\"Next slide\">\n\t\t\t\t\t\t\t<i aria-hidden=\"true\" class=\"eicon-chevron-right\"><\/i>\t\t\t\t\t\t<\/div>\n\t\t\t\t\t\t\t\t\t\t\t\t\t\t\t\t<div class=\"swiper-pagination\"><\/div>\n\t\t\t\t\t\t\t\t\t\t\t\t<\/div>\n\t\t\t\t<\/div>\n\t\t\t\t\t\t\t\t<\/div>\n\t\t\t\t<\/div>\n\t\t\t\t\t<\/div>\n\t\t<\/div>\n\t\t\t\t\t<\/div>\n\t\t<\/section>\n\t\t\t\t<\/div>\n\t\t","protected":false},"excerpt":{"rendered":"<p>Contact us Contact us Super delicious lunch Very delicious lunch with sandwiches that had just been given a little twist. Bottom of delicious homemade rye bread. Friendly and efficient service. I&#8217;ll be back. Charlotte B\u00fclow, Review on google READ MORE REVIEWS FROM GOOGLECosy little cottage village Very good reception by the host, very high cleaning [&hellip;]<\/p>\n","protected":false},"author":3,"featured_media":0,"parent":0,"menu_order":0,"comment_status":"closed","ping_status":"closed","template":"elementor_header_footer","meta":{"footnotes":""},"class_list":["post-3051","page","type-page","status-publish","hentry"],"yoast_head":"<!-- This site is optimized with the Yoast SEO plugin v27.3 - https:\/\/yoast.com\/product\/yoast-seo-wordpress\/ -->\n<title>Get in touch! Contact R\u00f8dvig Ferieby via e-mail or phone<\/title>\n<meta name=\"description\" content=\"Contact R\u00f8dvig Ferieby | Strandgabsvej 29, 4673 R\u00f8dvig, Stevns, Denmark | Tel. +45 23237484 | E-mail: email@roedvigferieby.dk\" \/>\n<meta name=\"robots\" content=\"index, follow, max-snippet:-1, max-image-preview:large, max-video-preview:-1\" \/>\n<link rel=\"canonical\" href=\"https:\/\/roedvigferieby.dk\/en\/contact\/\" \/>\n<meta property=\"og:locale\" content=\"en_US\" \/>\n<meta property=\"og:type\" content=\"article\" \/>\n<meta property=\"og:title\" content=\"Get in touch! Contact R\u00f8dvig Ferieby via e-mail or phone\" \/>\n<meta property=\"og:description\" content=\"Contact R\u00f8dvig Ferieby | Strandgabsvej 29, 4673 R\u00f8dvig, Stevns, Denmark | Tel. +45 23237484 | E-mail: email@roedvigferieby.dk\" \/>\n<meta property=\"og:url\" content=\"https:\/\/roedvigferieby.dk\/en\/contact\/\" \/>\n<meta property=\"og:site_name\" content=\"R\u00f8dvig Ferieby\" \/>\n<meta property=\"article:publisher\" content=\"https:\/\/www.facebook.com\/roedvigferieby\" \/>\n<meta property=\"article:modified_time\" content=\"2023-01-16T21:07:49+00:00\" \/>\n<meta property=\"og:image\" content=\"https:\/\/roedvigferieby.dk\/wp-content\/uploads\/2022\/12\/Mette-og-Claus-scaled.jpg\" \/>\n\t<meta property=\"og:image:width\" content=\"2560\" \/>\n\t<meta property=\"og:image:height\" content=\"1706\" \/>\n\t<meta property=\"og:image:type\" content=\"image\/jpeg\" \/>\n<meta name=\"twitter:card\" content=\"summary_large_image\" \/>\n<meta name=\"twitter:label1\" content=\"Est. reading time\" \/>\n\t<meta name=\"twitter:data1\" content=\"1 minute\" \/>\n<script type=\"application\/ld+json\" class=\"yoast-schema-graph\">{\"@context\":\"https:\\\/\\\/schema.org\",\"@graph\":[{\"@type\":\"WebPage\",\"@id\":\"https:\\\/\\\/roedvigferieby.dk\\\/en\\\/contact\\\/\",\"url\":\"https:\\\/\\\/roedvigferieby.dk\\\/en\\\/contact\\\/\",\"name\":\"Get in touch! Contact R\u00f8dvig Ferieby via e-mail or phone\",\"isPartOf\":{\"@id\":\"https:\\\/\\\/roedvigferieby.dk\\\/en\\\/#website\"},\"primaryImageOfPage\":{\"@id\":\"https:\\\/\\\/roedvigferieby.dk\\\/en\\\/contact\\\/#primaryimage\"},\"image\":{\"@id\":\"https:\\\/\\\/roedvigferieby.dk\\\/en\\\/contact\\\/#primaryimage\"},\"thumbnailUrl\":\"https:\\\/\\\/roedvigferieby.dk\\\/ny\\\/wp-content\\\/uploads\\\/2022\\\/12\\\/Mette-og-Claus-scaled.jpg\",\"datePublished\":\"2022-12-06T10:22:14+00:00\",\"dateModified\":\"2023-01-16T21:07:49+00:00\",\"description\":\"Contact R\u00f8dvig Ferieby | Strandgabsvej 29, 4673 R\u00f8dvig, Stevns, Denmark | Tel. +45 23237484 | E-mail: email@roedvigferieby.dk\",\"breadcrumb\":{\"@id\":\"https:\\\/\\\/roedvigferieby.dk\\\/en\\\/contact\\\/#breadcrumb\"},\"inLanguage\":\"en-US\",\"potentialAction\":[{\"@type\":\"ReadAction\",\"target\":[\"https:\\\/\\\/roedvigferieby.dk\\\/en\\\/contact\\\/\"]}]},{\"@type\":\"ImageObject\",\"inLanguage\":\"en-US\",\"@id\":\"https:\\\/\\\/roedvigferieby.dk\\\/en\\\/contact\\\/#primaryimage\",\"url\":\"https:\\\/\\\/roedvigferieby.dk\\\/ny\\\/wp-content\\\/uploads\\\/2022\\\/12\\\/Mette-og-Claus-scaled.jpg\",\"contentUrl\":\"https:\\\/\\\/roedvigferieby.dk\\\/ny\\\/wp-content\\\/uploads\\\/2022\\\/12\\\/Mette-og-Claus-scaled.jpg\"},{\"@type\":\"BreadcrumbList\",\"@id\":\"https:\\\/\\\/roedvigferieby.dk\\\/en\\\/contact\\\/#breadcrumb\",\"itemListElement\":[{\"@type\":\"ListItem\",\"position\":1,\"name\":\"Hjem\",\"item\":\"https:\\\/\\\/roedvigferieby.dk\\\/en\\\/\"},{\"@type\":\"ListItem\",\"position\":2,\"name\":\"Contact\"}]},{\"@type\":\"WebSite\",\"@id\":\"https:\\\/\\\/roedvigferieby.dk\\\/en\\\/#website\",\"url\":\"https:\\\/\\\/roedvigferieby.dk\\\/en\\\/\",\"name\":\"R\u00f8dvig Ferieby\",\"description\":\"Ferieby, kursus- og konferencested n\u00e6r Stevns Klint i natursk\u00f8nne omgivelser\",\"publisher\":{\"@id\":\"https:\\\/\\\/roedvigferieby.dk\\\/en\\\/#organization\"},\"potentialAction\":[{\"@type\":\"SearchAction\",\"target\":{\"@type\":\"EntryPoint\",\"urlTemplate\":\"https:\\\/\\\/roedvigferieby.dk\\\/en\\\/?s={search_term_string}\"},\"query-input\":{\"@type\":\"PropertyValueSpecification\",\"valueRequired\":true,\"valueName\":\"search_term_string\"}}],\"inLanguage\":\"en-US\"},{\"@type\":\"Organization\",\"@id\":\"https:\\\/\\\/roedvigferieby.dk\\\/en\\\/#organization\",\"name\":\"R\u00f8dvig Ferieby\",\"url\":\"https:\\\/\\\/roedvigferieby.dk\\\/en\\\/\",\"logo\":{\"@type\":\"ImageObject\",\"inLanguage\":\"en-US\",\"@id\":\"https:\\\/\\\/roedvigferieby.dk\\\/en\\\/#\\\/schema\\\/logo\\\/image\\\/\",\"url\":\"https:\\\/\\\/roedvigferieby.dk\\\/ny\\\/wp-content\\\/uploads\\\/2022\\\/11\\\/RF-LOGO.png\",\"contentUrl\":\"https:\\\/\\\/roedvigferieby.dk\\\/ny\\\/wp-content\\\/uploads\\\/2022\\\/11\\\/RF-LOGO.png\",\"width\":700,\"height\":250,\"caption\":\"R\u00f8dvig Ferieby\"},\"image\":{\"@id\":\"https:\\\/\\\/roedvigferieby.dk\\\/en\\\/#\\\/schema\\\/logo\\\/image\\\/\"},\"sameAs\":[\"https:\\\/\\\/www.facebook.com\\\/roedvigferieby\",\"https:\\\/\\\/www.instagram.com\\\/roedvigferieby\\\/\"]}]}<\/script>\n<!-- \/ Yoast SEO plugin. -->","yoast_head_json":{"title":"Get in touch! Contact R\u00f8dvig Ferieby via e-mail or phone","description":"Contact R\u00f8dvig Ferieby | Strandgabsvej 29, 4673 R\u00f8dvig, Stevns, Denmark | Tel. +45 23237484 | E-mail: email@roedvigferieby.dk","robots":{"index":"index","follow":"follow","max-snippet":"max-snippet:-1","max-image-preview":"max-image-preview:large","max-video-preview":"max-video-preview:-1"},"canonical":"https:\/\/roedvigferieby.dk\/en\/contact\/","og_locale":"en_US","og_type":"article","og_title":"Get in touch! Contact R\u00f8dvig Ferieby via e-mail or phone","og_description":"Contact R\u00f8dvig Ferieby | Strandgabsvej 29, 4673 R\u00f8dvig, Stevns, Denmark | Tel. +45 23237484 | E-mail: email@roedvigferieby.dk","og_url":"https:\/\/roedvigferieby.dk\/en\/contact\/","og_site_name":"R\u00f8dvig Ferieby","article_publisher":"https:\/\/www.facebook.com\/roedvigferieby","article_modified_time":"2023-01-16T21:07:49+00:00","og_image":[{"width":2560,"height":1706,"url":"https:\/\/roedvigferieby.dk\/wp-content\/uploads\/2022\/12\/Mette-og-Claus-scaled.jpg","type":"image\/jpeg"}],"twitter_card":"summary_large_image","twitter_misc":{"Est. reading time":"1 minute"},"schema":{"@context":"https:\/\/schema.org","@graph":[{"@type":"WebPage","@id":"https:\/\/roedvigferieby.dk\/en\/contact\/","url":"https:\/\/roedvigferieby.dk\/en\/contact\/","name":"Get in touch! Contact R\u00f8dvig Ferieby via e-mail or phone","isPartOf":{"@id":"https:\/\/roedvigferieby.dk\/en\/#website"},"primaryImageOfPage":{"@id":"https:\/\/roedvigferieby.dk\/en\/contact\/#primaryimage"},"image":{"@id":"https:\/\/roedvigferieby.dk\/en\/contact\/#primaryimage"},"thumbnailUrl":"https:\/\/roedvigferieby.dk\/ny\/wp-content\/uploads\/2022\/12\/Mette-og-Claus-scaled.jpg","datePublished":"2022-12-06T10:22:14+00:00","dateModified":"2023-01-16T21:07:49+00:00","description":"Contact R\u00f8dvig Ferieby | Strandgabsvej 29, 4673 R\u00f8dvig, Stevns, Denmark | Tel. +45 23237484 | E-mail: email@roedvigferieby.dk","breadcrumb":{"@id":"https:\/\/roedvigferieby.dk\/en\/contact\/#breadcrumb"},"inLanguage":"en-US","potentialAction":[{"@type":"ReadAction","target":["https:\/\/roedvigferieby.dk\/en\/contact\/"]}]},{"@type":"ImageObject","inLanguage":"en-US","@id":"https:\/\/roedvigferieby.dk\/en\/contact\/#primaryimage","url":"https:\/\/roedvigferieby.dk\/ny\/wp-content\/uploads\/2022\/12\/Mette-og-Claus-scaled.jpg","contentUrl":"https:\/\/roedvigferieby.dk\/ny\/wp-content\/uploads\/2022\/12\/Mette-og-Claus-scaled.jpg"},{"@type":"BreadcrumbList","@id":"https:\/\/roedvigferieby.dk\/en\/contact\/#breadcrumb","itemListElement":[{"@type":"ListItem","position":1,"name":"Hjem","item":"https:\/\/roedvigferieby.dk\/en\/"},{"@type":"ListItem","position":2,"name":"Contact"}]},{"@type":"WebSite","@id":"https:\/\/roedvigferieby.dk\/en\/#website","url":"https:\/\/roedvigferieby.dk\/en\/","name":"R\u00f8dvig Ferieby","description":"Ferieby, kursus- og konferencested n\u00e6r Stevns Klint i natursk\u00f8nne omgivelser","publisher":{"@id":"https:\/\/roedvigferieby.dk\/en\/#organization"},"potentialAction":[{"@type":"SearchAction","target":{"@type":"EntryPoint","urlTemplate":"https:\/\/roedvigferieby.dk\/en\/?s={search_term_string}"},"query-input":{"@type":"PropertyValueSpecification","valueRequired":true,"valueName":"search_term_string"}}],"inLanguage":"en-US"},{"@type":"Organization","@id":"https:\/\/roedvigferieby.dk\/en\/#organization","name":"R\u00f8dvig Ferieby","url":"https:\/\/roedvigferieby.dk\/en\/","logo":{"@type":"ImageObject","inLanguage":"en-US","@id":"https:\/\/roedvigferieby.dk\/en\/#\/schema\/logo\/image\/","url":"https:\/\/roedvigferieby.dk\/ny\/wp-content\/uploads\/2022\/11\/RF-LOGO.png","contentUrl":"https:\/\/roedvigferieby.dk\/ny\/wp-content\/uploads\/2022\/11\/RF-LOGO.png","width":700,"height":250,"caption":"R\u00f8dvig Ferieby"},"image":{"@id":"https:\/\/roedvigferieby.dk\/en\/#\/schema\/logo\/image\/"},"sameAs":["https:\/\/www.facebook.com\/roedvigferieby","https:\/\/www.instagram.com\/roedvigferieby\/"]}]}},"_links":{"self":[{"href":"https:\/\/roedvigferieby.dk\/en\/wp-json\/wp\/v2\/pages\/3051","targetHints":{"allow":["GET"]}}],"collection":[{"href":"https:\/\/roedvigferieby.dk\/en\/wp-json\/wp\/v2\/pages"}],"about":[{"href":"https:\/\/roedvigferieby.dk\/en\/wp-json\/wp\/v2\/types\/page"}],"author":[{"embeddable":true,"href":"https:\/\/roedvigferieby.dk\/en\/wp-json\/wp\/v2\/users\/3"}],"replies":[{"embeddable":true,"href":"https:\/\/roedvigferieby.dk\/en\/wp-json\/wp\/v2\/comments?post=3051"}],"version-history":[{"count":0,"href":"https:\/\/roedvigferieby.dk\/en\/wp-json\/wp\/v2\/pages\/3051\/revisions"}],"wp:attachment":[{"href":"https:\/\/roedvigferieby.dk\/en\/wp-json\/wp\/v2\/media?parent=3051"}],"curies":[{"name":"wp","href":"https:\/\/api.w.org\/{rel}","templated":true}]}}