{"id":7880,"date":"2026-02-04T16:02:21","date_gmt":"2026-02-04T15:02:21","guid":{"rendered":"https:\/\/roedvigferieby.dk\/?page_id=7880"},"modified":"2026-02-10T12:16:01","modified_gmt":"2026-02-10T11:16:01","slug":"hotelhutten","status":"publish","type":"page","link":"https:\/\/roedvigferieby.dk\/de\/hotelhutten\/","title":{"rendered":"Hotelh\u00fctten"},"content":{"rendered":"\t\t<div data-elementor-type=\"wp-page\" data-elementor-id=\"7880\" class=\"elementor elementor-7880 elementor-7836\" data-elementor-post-type=\"page\">\n\t\t\t\t\t\t<section data-particle_enable=\"false\" data-particle-mobile-disabled=\"false\" class=\"elementor-section elementor-top-section elementor-element elementor-element-6bd59c1 elementor-section-content-bottom elementor-section-height-min-height elementor-section-boxed elementor-section-height-default elementor-section-items-middle\" data-id=\"6bd59c1\" data-element_type=\"section\" data-e-type=\"section\" data-settings=\"{&quot;background_background&quot;:&quot;classic&quot;}\">\n\t\t\t\t\t\t\t<div class=\"elementor-background-overlay\"><\/div>\n\t\t\t\t\t\t\t<div class=\"elementor-container elementor-column-gap-default\">\n\t\t\t\t\t<div class=\"elementor-column elementor-col-100 elementor-top-column elementor-element elementor-element-38324e1\" data-id=\"38324e1\" data-element_type=\"column\" data-e-type=\"column\">\n\t\t\t<div class=\"elementor-widget-wrap elementor-element-populated\">\n\t\t\t\t\t\t<div class=\"elementor-element elementor-element-6d3aac3 elementor-widget elementor-widget-heading\" data-id=\"6d3aac3\" data-element_type=\"widget\" data-e-type=\"widget\" data-widget_type=\"heading.default\">\n\t\t\t\t<div class=\"elementor-widget-container\">\n\t\t\t\t\t<h1 class=\"elementor-heading-title elementor-size-default\">Hotelh\u00fctten<\/h1>\t\t\t\t<\/div>\n\t\t\t\t<\/div>\n\t\t\t\t\t<\/div>\n\t\t<\/div>\n\t\t\t\t\t<\/div>\n\t\t<\/section>\n\t\t\t\t<section data-particle_enable=\"false\" data-particle-mobile-disabled=\"false\" class=\"elementor-section elementor-top-section elementor-element elementor-element-8338a61 elementor-section-content-top elementor-reverse-mobile elementor-section-boxed elementor-section-height-default elementor-section-height-default\" data-id=\"8338a61\" data-element_type=\"section\" data-e-type=\"section\" data-settings=\"{&quot;background_background&quot;:&quot;classic&quot;}\">\n\t\t\t\t\t\t<div class=\"elementor-container elementor-column-gap-default\">\n\t\t\t\t\t<div class=\"elementor-column elementor-col-100 elementor-top-column elementor-element elementor-element-3d470b3\" data-id=\"3d470b3\" data-element_type=\"column\" data-e-type=\"column\">\n\t\t\t<div class=\"elementor-widget-wrap elementor-element-populated\">\n\t\t\t\t\t\t<div class=\"elementor-element elementor-element-613151b elementor-widget elementor-widget-text-editor\" data-id=\"613151b\" data-element_type=\"widget\" data-e-type=\"widget\" data-widget_type=\"text-editor.default\">\n\t\t\t\t<div class=\"elementor-widget-container\">\n\t\t\t\t\t\t\t\t\t<h2><strong>Hotelh\u00fctten mit Whirlpool in D\u00e4nemark \u2013 Ruhe, Natur &amp; Entspannung pur<\/strong><\/h2><p>Genie\u00dfen Sie eine erholsame Auszeit in unseren neuen, exklusiven Hotelh\u00fctten mit 32 m\u00b2 \u2013 idyllisch gelegen inmitten der Natur.<\/p><p>Unsere modernen Hotelh\u00fctten in D\u00e4nemark bieten die perfekte Kombination aus Ruhe, Komfort, Wellness und Privatsph\u00e4re \u2013 ideal f\u00fcr Paare, die Entspannung und romantische Momente suchen.<\/p><p>Die stilvoll eingerichteten Hotelh\u00fctten verf\u00fcgen \u00fcber eine voll ausgestattete K\u00fcche, eine gem\u00fctliche Essecke sowie eine komfortable Sofaecke mit TV. Das ger\u00e4umige Schlafzimmer sorgt f\u00fcr erholsamen Schlaf, w\u00e4hrend das helle Badezimmer mit Dusche zum Wohlf\u00fchlen einl\u00e4dt. Bei Ihrer Ankunft sind die Betten bereits bezogen, die Handt\u00fccher liegen f\u00fcr Sie bereit \u2013 alles inklusive, damit Sie Ihren Urlaub von der ersten Minute an genie\u00dfen k\u00f6nnen.<\/p><p>Ein ganz besonderes Highlight ist Ihr privater Outdoor-Whirlpool auf der Terrasse \u2013 perfekt f\u00fcr entspannte Morgenstunden, romantische Abende und erholsame Wellnessmomente unter freiem Himmel.<\/p><p>Unsere Hotelh\u00fctten bieten Ihnen ein einzigartiges Wellness- und Naturerlebnis in D\u00e4nemark \u2013 ideal f\u00fcr einen Romantikurlaub, Wellnessurlaub oder Kurzurlaub zu zweit. Entdecken Sie Ruhe, Komfort und exklusive Entspannung in Ihrer eigenen kleinen Wohlf\u00fchloase.<\/p><p>M\u00f6glichkeit f\u00fcr 2 zus\u00e4tzliche Personen auf dem Schlafsofa. In diesem Fall bringt ihr selbst Decken, Kissen und Bettw\u00e4sche mit.<\/p><h3><strong>Preis 1. Januar \u2013 31. Dezember<\/strong><\/h3><p>1.600 DKK pro Tag f\u00fcr das Haus<br \/>1.380 DKK f\u00fcr das Haus an den darauffolgenden Tagen.<\/p><p>Im Preis enthalten sind Bettw\u00e4sche, Handt\u00fccher, Endreinigung und Nebenkosten (Strom &amp; Wasser).<\/p><p>Die Nutzung des Au\u00dfen-Whirlpools auf der Holzterrasse ist f\u00fcr 550 DKK m\u00f6glich.<\/p>\t\t\t\t\t\t\t\t<\/div>\n\t\t\t\t<\/div>\n\t\t\t\t<div class=\"elementor-element elementor-element-a64695f elementor-align-center elementor-mobile-align-center elementor-widget elementor-widget-button\" data-id=\"a64695f\" data-element_type=\"widget\" data-e-type=\"widget\" data-widget_type=\"button.default\">\n\t\t\t\t<div class=\"elementor-widget-container\">\n\t\t\t\t\t\t\t\t\t<div class=\"elementor-button-wrapper\">\n\t\t\t\t\t<a class=\"elementor-button elementor-button-link elementor-size-md\" href=\"https:\/\/v3.onlinebooking.dk\/v3rodvig\" target=\"_blank\">\n\t\t\t\t\t\t<span class=\"elementor-button-content-wrapper\">\n\t\t\t\t\t\t\t\t\t<span class=\"elementor-button-text\">Buchen Sie Ihren Aufenthalt<\/span>\n\t\t\t\t\t<\/span>\n\t\t\t\t\t<\/a>\n\t\t\t\t<\/div>\n\t\t\t\t\t\t\t\t<\/div>\n\t\t\t\t<\/div>\n\t\t\t\t\t<\/div>\n\t\t<\/div>\n\t\t\t\t\t<\/div>\n\t\t<\/section>\n\t\t\t\t<section data-particle_enable=\"false\" data-particle-mobile-disabled=\"false\" class=\"elementor-section elementor-top-section elementor-element elementor-element-5f9274c3 elementor-section-boxed elementor-section-height-default elementor-section-height-default\" data-id=\"5f9274c3\" data-element_type=\"section\" data-e-type=\"section\">\n\t\t\t\t\t\t<div class=\"elementor-container elementor-column-gap-default\">\n\t\t\t\t\t<div class=\"elementor-column elementor-col-100 elementor-top-column elementor-element elementor-element-58831d34\" data-id=\"58831d34\" data-element_type=\"column\" data-e-type=\"column\">\n\t\t\t<div class=\"elementor-widget-wrap elementor-element-populated\">\n\t\t\t\t\t\t<div class=\"elementor-element elementor-element-42acc93a elementor-widget elementor-widget-heading\" data-id=\"42acc93a\" data-element_type=\"widget\" data-e-type=\"widget\" data-widget_type=\"heading.default\">\n\t\t\t\t<div class=\"elementor-widget-container\">\n\t\t\t\t\t<h2 class=\"elementor-heading-title elementor-size-default\">Grundriss<\/h2>\t\t\t\t<\/div>\n\t\t\t\t<\/div>\n\t\t\t\t<div class=\"elementor-element elementor-element-42a20ff9 elementor-widget elementor-widget-image\" data-id=\"42a20ff9\" data-element_type=\"widget\" data-e-type=\"widget\" data-widget_type=\"image.default\">\n\t\t\t\t<div class=\"elementor-widget-container\">\n\t\t\t\t\t\t\t\t\t\t\t\t\t\t\t<img fetchpriority=\"high\" decoding=\"async\" width=\"800\" height=\"376\" src=\"https:\/\/roedvigferieby.dk\/wp-content\/uploads\/2026\/02\/Plantegning-Roedvig-Ferieby.png\" class=\"attachment-large size-large wp-image-8100\" alt=\"\" srcset=\"https:\/\/roedvigferieby.dk\/wp-content\/uploads\/2026\/02\/Plantegning-Roedvig-Ferieby.png 941w, https:\/\/roedvigferieby.dk\/wp-content\/uploads\/2026\/02\/Plantegning-Roedvig-Ferieby-300x141.png 300w, https:\/\/roedvigferieby.dk\/wp-content\/uploads\/2026\/02\/Plantegning-Roedvig-Ferieby-768x361.png 768w\" sizes=\"(max-width: 800px) 100vw, 800px\" \/>\t\t\t\t\t\t\t\t\t\t\t\t\t\t\t<\/div>\n\t\t\t\t<\/div>\n\t\t\t\t\t<\/div>\n\t\t<\/div>\n\t\t\t\t\t<\/div>\n\t\t<\/section>\n\t\t\t\t<\/div>\n\t\t","protected":false},"excerpt":{"rendered":"<p>Hotelh\u00fctten Hotelh\u00fctten mit Whirlpool in D\u00e4nemark \u2013 Ruhe, Natur &amp; Entspannung pur Genie\u00dfen Sie eine erholsame Auszeit in unseren neuen, exklusiven Hotelh\u00fctten mit 32 m\u00b2 \u2013 idyllisch gelegen inmitten der Natur. Unsere modernen Hotelh\u00fctten in D\u00e4nemark bieten die perfekte Kombination aus Ruhe, Komfort, Wellness und Privatsph\u00e4re \u2013 ideal f\u00fcr Paare, die Entspannung und romantische Momente [&hellip;]<\/p>\n","protected":false},"author":1,"featured_media":7879,"parent":0,"menu_order":0,"comment_status":"closed","ping_status":"closed","template":"elementor_header_footer","meta":{"footnotes":""},"class_list":["post-7880","page","type-page","status-publish","has-post-thumbnail","hentry"],"yoast_head":"<!-- This site is optimized with the Yoast SEO plugin v27.3 - https:\/\/yoast.com\/product\/yoast-seo-wordpress\/ -->\n<title>Gem\u00fctliche H\u00fctten inmitten von Ruhe, Natur &amp; Verw\u00f6hnprogramm<\/title>\n<meta name=\"description\" content=\"Hotelh\u00fctte mit Whirlpool | Wellnessurlaub D\u00e4nemark | Romantikurlaub D\u00e4nemark | Ferienhaus mit Whirlpool | Hotelh\u00fctte in der Natur\" \/>\n<meta name=\"robots\" content=\"index, follow, max-snippet:-1, max-image-preview:large, max-video-preview:-1\" \/>\n<link rel=\"canonical\" href=\"https:\/\/roedvigferieby.dk\/de\/hotelhutten\/\" \/>\n<meta property=\"og:locale\" content=\"de_DE\" \/>\n<meta property=\"og:type\" content=\"article\" \/>\n<meta property=\"og:title\" content=\"Gem\u00fctliche H\u00fctten inmitten von Ruhe, Natur &amp; Verw\u00f6hnprogramm\" \/>\n<meta property=\"og:description\" content=\"Hotelh\u00fctte mit Whirlpool | Wellnessurlaub D\u00e4nemark | Romantikurlaub D\u00e4nemark | Ferienhaus mit Whirlpool | Hotelh\u00fctte in der Natur\" \/>\n<meta property=\"og:url\" content=\"https:\/\/roedvigferieby.dk\/de\/hotelhutten\/\" \/>\n<meta property=\"og:site_name\" content=\"R\u00f8dvig Ferieby\" \/>\n<meta property=\"article:publisher\" content=\"https:\/\/www.facebook.com\/roedvigferieby\" \/>\n<meta property=\"article:modified_time\" content=\"2026-02-10T11:16:01+00:00\" \/>\n<meta property=\"og:image\" content=\"https:\/\/roedvigferieby.dk\/wp-content\/uploads\/2026\/02\/Hotelhytte.jpg\" \/>\n\t<meta property=\"og:image:width\" content=\"892\" \/>\n\t<meta property=\"og:image:height\" content=\"633\" \/>\n\t<meta property=\"og:image:type\" content=\"image\/jpeg\" \/>\n<meta name=\"twitter:card\" content=\"summary_large_image\" \/>\n<meta name=\"twitter:label1\" content=\"Gesch\u00e4tzte Lesezeit\" \/>\n\t<meta name=\"twitter:data1\" content=\"2\u00a0Minuten\" \/>\n<script type=\"application\/ld+json\" class=\"yoast-schema-graph\">{\"@context\":\"https:\\\/\\\/schema.org\",\"@graph\":[{\"@type\":\"WebPage\",\"@id\":\"https:\\\/\\\/roedvigferieby.dk\\\/de\\\/hotelhutten\\\/\",\"url\":\"https:\\\/\\\/roedvigferieby.dk\\\/de\\\/hotelhutten\\\/\",\"name\":\"Gem\u00fctliche H\u00fctten inmitten von Ruhe, Natur & Verw\u00f6hnprogramm\",\"isPartOf\":{\"@id\":\"https:\\\/\\\/roedvigferieby.dk\\\/de\\\/#website\"},\"primaryImageOfPage\":{\"@id\":\"https:\\\/\\\/roedvigferieby.dk\\\/de\\\/hotelhutten\\\/#primaryimage\"},\"image\":{\"@id\":\"https:\\\/\\\/roedvigferieby.dk\\\/de\\\/hotelhutten\\\/#primaryimage\"},\"thumbnailUrl\":\"https:\\\/\\\/roedvigferieby.dk\\\/wp-content\\\/uploads\\\/2026\\\/02\\\/Hotelhytte.jpg\",\"datePublished\":\"2026-02-04T15:02:21+00:00\",\"dateModified\":\"2026-02-10T11:16:01+00:00\",\"description\":\"Hotelh\u00fctte mit Whirlpool | Wellnessurlaub D\u00e4nemark | Romantikurlaub D\u00e4nemark | Ferienhaus mit Whirlpool | Hotelh\u00fctte in der Natur\",\"breadcrumb\":{\"@id\":\"https:\\\/\\\/roedvigferieby.dk\\\/de\\\/hotelhutten\\\/#breadcrumb\"},\"inLanguage\":\"de\",\"potentialAction\":[{\"@type\":\"ReadAction\",\"target\":[\"https:\\\/\\\/roedvigferieby.dk\\\/de\\\/hotelhutten\\\/\"]}]},{\"@type\":\"ImageObject\",\"inLanguage\":\"de\",\"@id\":\"https:\\\/\\\/roedvigferieby.dk\\\/de\\\/hotelhutten\\\/#primaryimage\",\"url\":\"https:\\\/\\\/roedvigferieby.dk\\\/wp-content\\\/uploads\\\/2026\\\/02\\\/Hotelhytte.jpg\",\"contentUrl\":\"https:\\\/\\\/roedvigferieby.dk\\\/wp-content\\\/uploads\\\/2026\\\/02\\\/Hotelhytte.jpg\",\"width\":892,\"height\":633},{\"@type\":\"BreadcrumbList\",\"@id\":\"https:\\\/\\\/roedvigferieby.dk\\\/de\\\/hotelhutten\\\/#breadcrumb\",\"itemListElement\":[{\"@type\":\"ListItem\",\"position\":1,\"name\":\"Hjem\",\"item\":\"https:\\\/\\\/roedvigferieby.dk\\\/de\\\/\"},{\"@type\":\"ListItem\",\"position\":2,\"name\":\"Hotelh\u00fctten\"}]},{\"@type\":\"WebSite\",\"@id\":\"https:\\\/\\\/roedvigferieby.dk\\\/de\\\/#website\",\"url\":\"https:\\\/\\\/roedvigferieby.dk\\\/de\\\/\",\"name\":\"R\u00f8dvig Ferieby\",\"description\":\"Ferieby, kursus- og konferencested n\u00e6r Stevns Klint i natursk\u00f8nne omgivelser\",\"publisher\":{\"@id\":\"https:\\\/\\\/roedvigferieby.dk\\\/de\\\/#organization\"},\"potentialAction\":[{\"@type\":\"SearchAction\",\"target\":{\"@type\":\"EntryPoint\",\"urlTemplate\":\"https:\\\/\\\/roedvigferieby.dk\\\/de\\\/?s={search_term_string}\"},\"query-input\":{\"@type\":\"PropertyValueSpecification\",\"valueRequired\":true,\"valueName\":\"search_term_string\"}}],\"inLanguage\":\"de\"},{\"@type\":\"Organization\",\"@id\":\"https:\\\/\\\/roedvigferieby.dk\\\/de\\\/#organization\",\"name\":\"R\u00f8dvig Ferieby\",\"url\":\"https:\\\/\\\/roedvigferieby.dk\\\/de\\\/\",\"logo\":{\"@type\":\"ImageObject\",\"inLanguage\":\"de\",\"@id\":\"https:\\\/\\\/roedvigferieby.dk\\\/de\\\/#\\\/schema\\\/logo\\\/image\\\/\",\"url\":\"https:\\\/\\\/roedvigferieby.dk\\\/ny\\\/wp-content\\\/uploads\\\/2022\\\/11\\\/RF-LOGO.png\",\"contentUrl\":\"https:\\\/\\\/roedvigferieby.dk\\\/ny\\\/wp-content\\\/uploads\\\/2022\\\/11\\\/RF-LOGO.png\",\"width\":700,\"height\":250,\"caption\":\"R\u00f8dvig Ferieby\"},\"image\":{\"@id\":\"https:\\\/\\\/roedvigferieby.dk\\\/de\\\/#\\\/schema\\\/logo\\\/image\\\/\"},\"sameAs\":[\"https:\\\/\\\/www.facebook.com\\\/roedvigferieby\",\"https:\\\/\\\/www.instagram.com\\\/roedvigferieby\\\/\"]}]}<\/script>\n<!-- \/ Yoast SEO plugin. -->","yoast_head_json":{"title":"Gem\u00fctliche H\u00fctten inmitten von Ruhe, Natur & Verw\u00f6hnprogramm","description":"Hotelh\u00fctte mit Whirlpool | Wellnessurlaub D\u00e4nemark | Romantikurlaub D\u00e4nemark | Ferienhaus mit Whirlpool | Hotelh\u00fctte in der Natur","robots":{"index":"index","follow":"follow","max-snippet":"max-snippet:-1","max-image-preview":"max-image-preview:large","max-video-preview":"max-video-preview:-1"},"canonical":"https:\/\/roedvigferieby.dk\/de\/hotelhutten\/","og_locale":"de_DE","og_type":"article","og_title":"Gem\u00fctliche H\u00fctten inmitten von Ruhe, Natur & Verw\u00f6hnprogramm","og_description":"Hotelh\u00fctte mit Whirlpool | Wellnessurlaub D\u00e4nemark | Romantikurlaub D\u00e4nemark | Ferienhaus mit Whirlpool | Hotelh\u00fctte in der Natur","og_url":"https:\/\/roedvigferieby.dk\/de\/hotelhutten\/","og_site_name":"R\u00f8dvig Ferieby","article_publisher":"https:\/\/www.facebook.com\/roedvigferieby","article_modified_time":"2026-02-10T11:16:01+00:00","og_image":[{"width":892,"height":633,"url":"https:\/\/roedvigferieby.dk\/wp-content\/uploads\/2026\/02\/Hotelhytte.jpg","type":"image\/jpeg"}],"twitter_card":"summary_large_image","twitter_misc":{"Gesch\u00e4tzte Lesezeit":"2\u00a0Minuten"},"schema":{"@context":"https:\/\/schema.org","@graph":[{"@type":"WebPage","@id":"https:\/\/roedvigferieby.dk\/de\/hotelhutten\/","url":"https:\/\/roedvigferieby.dk\/de\/hotelhutten\/","name":"Gem\u00fctliche H\u00fctten inmitten von Ruhe, Natur & Verw\u00f6hnprogramm","isPartOf":{"@id":"https:\/\/roedvigferieby.dk\/de\/#website"},"primaryImageOfPage":{"@id":"https:\/\/roedvigferieby.dk\/de\/hotelhutten\/#primaryimage"},"image":{"@id":"https:\/\/roedvigferieby.dk\/de\/hotelhutten\/#primaryimage"},"thumbnailUrl":"https:\/\/roedvigferieby.dk\/wp-content\/uploads\/2026\/02\/Hotelhytte.jpg","datePublished":"2026-02-04T15:02:21+00:00","dateModified":"2026-02-10T11:16:01+00:00","description":"Hotelh\u00fctte mit Whirlpool | Wellnessurlaub D\u00e4nemark | Romantikurlaub D\u00e4nemark | Ferienhaus mit Whirlpool | Hotelh\u00fctte in der Natur","breadcrumb":{"@id":"https:\/\/roedvigferieby.dk\/de\/hotelhutten\/#breadcrumb"},"inLanguage":"de","potentialAction":[{"@type":"ReadAction","target":["https:\/\/roedvigferieby.dk\/de\/hotelhutten\/"]}]},{"@type":"ImageObject","inLanguage":"de","@id":"https:\/\/roedvigferieby.dk\/de\/hotelhutten\/#primaryimage","url":"https:\/\/roedvigferieby.dk\/wp-content\/uploads\/2026\/02\/Hotelhytte.jpg","contentUrl":"https:\/\/roedvigferieby.dk\/wp-content\/uploads\/2026\/02\/Hotelhytte.jpg","width":892,"height":633},{"@type":"BreadcrumbList","@id":"https:\/\/roedvigferieby.dk\/de\/hotelhutten\/#breadcrumb","itemListElement":[{"@type":"ListItem","position":1,"name":"Hjem","item":"https:\/\/roedvigferieby.dk\/de\/"},{"@type":"ListItem","position":2,"name":"Hotelh\u00fctten"}]},{"@type":"WebSite","@id":"https:\/\/roedvigferieby.dk\/de\/#website","url":"https:\/\/roedvigferieby.dk\/de\/","name":"R\u00f8dvig Ferieby","description":"Ferieby, kursus- og konferencested n\u00e6r Stevns Klint i natursk\u00f8nne omgivelser","publisher":{"@id":"https:\/\/roedvigferieby.dk\/de\/#organization"},"potentialAction":[{"@type":"SearchAction","target":{"@type":"EntryPoint","urlTemplate":"https:\/\/roedvigferieby.dk\/de\/?s={search_term_string}"},"query-input":{"@type":"PropertyValueSpecification","valueRequired":true,"valueName":"search_term_string"}}],"inLanguage":"de"},{"@type":"Organization","@id":"https:\/\/roedvigferieby.dk\/de\/#organization","name":"R\u00f8dvig Ferieby","url":"https:\/\/roedvigferieby.dk\/de\/","logo":{"@type":"ImageObject","inLanguage":"de","@id":"https:\/\/roedvigferieby.dk\/de\/#\/schema\/logo\/image\/","url":"https:\/\/roedvigferieby.dk\/ny\/wp-content\/uploads\/2022\/11\/RF-LOGO.png","contentUrl":"https:\/\/roedvigferieby.dk\/ny\/wp-content\/uploads\/2022\/11\/RF-LOGO.png","width":700,"height":250,"caption":"R\u00f8dvig Ferieby"},"image":{"@id":"https:\/\/roedvigferieby.dk\/de\/#\/schema\/logo\/image\/"},"sameAs":["https:\/\/www.facebook.com\/roedvigferieby","https:\/\/www.instagram.com\/roedvigferieby\/"]}]}},"_links":{"self":[{"href":"https:\/\/roedvigferieby.dk\/de\/wp-json\/wp\/v2\/pages\/7880","targetHints":{"allow":["GET"]}}],"collection":[{"href":"https:\/\/roedvigferieby.dk\/de\/wp-json\/wp\/v2\/pages"}],"about":[{"href":"https:\/\/roedvigferieby.dk\/de\/wp-json\/wp\/v2\/types\/page"}],"author":[{"embeddable":true,"href":"https:\/\/roedvigferieby.dk\/de\/wp-json\/wp\/v2\/users\/1"}],"replies":[{"embeddable":true,"href":"https:\/\/roedvigferieby.dk\/de\/wp-json\/wp\/v2\/comments?post=7880"}],"version-history":[{"count":11,"href":"https:\/\/roedvigferieby.dk\/de\/wp-json\/wp\/v2\/pages\/7880\/revisions"}],"predecessor-version":[{"id":8103,"href":"https:\/\/roedvigferieby.dk\/de\/wp-json\/wp\/v2\/pages\/7880\/revisions\/8103"}],"wp:featuredmedia":[{"embeddable":true,"href":"https:\/\/roedvigferieby.dk\/de\/wp-json\/wp\/v2\/media\/7879"}],"wp:attachment":[{"href":"https:\/\/roedvigferieby.dk\/de\/wp-json\/wp\/v2\/media?parent=7880"}],"curies":[{"name":"wp","href":"https:\/\/api.w.org\/{rel}","templated":true}]}}