{"id":3370,"date":"2022-11-24T12:48:48","date_gmt":"2022-11-24T11:48:48","guid":{"rendered":"https:\/\/roedvigferieby.dk\/ny\/?page_id=3370"},"modified":"2023-03-15T15:56:36","modified_gmt":"2023-03-15T14:56:36","slug":"datenschutzbestimmungen","status":"publish","type":"page","link":"https:\/\/roedvigferieby.dk\/de\/datenschutzbestimmungen\/","title":{"rendered":"Datenschutzbestimmungen"},"content":{"rendered":"\t\t<div data-elementor-type=\"wp-page\" data-elementor-id=\"3370\" class=\"elementor elementor-3370 elementor-3\" data-elementor-post-type=\"page\">\n\t\t\t\t\t\t<section data-particle_enable=\"false\" data-particle-mobile-disabled=\"false\" class=\"elementor-section elementor-top-section elementor-element elementor-element-7836001b elementor-section-content-bottom elementor-section-height-min-height elementor-section-boxed elementor-section-height-default elementor-section-items-middle\" data-id=\"7836001b\" data-element_type=\"section\" data-e-type=\"section\" data-settings=\"{&quot;background_background&quot;:&quot;classic&quot;}\">\n\t\t\t\t\t\t\t<div class=\"elementor-background-overlay\"><\/div>\n\t\t\t\t\t\t\t<div class=\"elementor-container elementor-column-gap-default\">\n\t\t\t\t\t<div class=\"elementor-column elementor-col-100 elementor-top-column elementor-element elementor-element-4b7dd144\" data-id=\"4b7dd144\" data-element_type=\"column\" data-e-type=\"column\">\n\t\t\t<div class=\"elementor-widget-wrap elementor-element-populated\">\n\t\t\t\t\t\t<div class=\"elementor-element elementor-element-3b2c5434 elementor-widget elementor-widget-heading\" data-id=\"3b2c5434\" data-element_type=\"widget\" data-e-type=\"widget\" data-widget_type=\"heading.default\">\n\t\t\t\t<div class=\"elementor-widget-container\">\n\t\t\t\t\t<h1 class=\"elementor-heading-title elementor-size-default\">Datenschutzbestimmungen  <\/h1>\t\t\t\t<\/div>\n\t\t\t\t<\/div>\n\t\t\t\t\t<\/div>\n\t\t<\/div>\n\t\t\t\t\t<\/div>\n\t\t<\/section>\n\t\t\t\t<section data-particle_enable=\"false\" data-particle-mobile-disabled=\"false\" class=\"elementor-section elementor-top-section elementor-element elementor-element-72704d1e elementor-section-boxed elementor-section-height-default elementor-section-height-default\" data-id=\"72704d1e\" data-element_type=\"section\" data-e-type=\"section\">\n\t\t\t\t\t\t<div class=\"elementor-container elementor-column-gap-default\">\n\t\t\t\t\t<div class=\"elementor-column elementor-col-100 elementor-top-column elementor-element elementor-element-4f448394\" data-id=\"4f448394\" data-element_type=\"column\" data-e-type=\"column\">\n\t\t\t<div class=\"elementor-widget-wrap elementor-element-populated\">\n\t\t\t\t\t\t<div class=\"elementor-element elementor-element-34582fdb elementor-widget elementor-widget-text-editor\" data-id=\"34582fdb\" data-element_type=\"widget\" data-e-type=\"widget\" data-widget_type=\"text-editor.default\">\n\t\t\t\t<div class=\"elementor-widget-container\">\n\t\t\t\t\t\t\t\t\t<h3><strong>Datenschutzbeauftragter<\/strong><\/h3><p>Claus H\u00f8genhaug<br \/>Telefon:\u00a0<u>(+45)<\/u><a href=\"tel:23237484\">23237484<\/a><br \/>E-Mail:\u00a0<a href=\"mailto:claus@roedvigferieby.dk\">claus@roedvigferieby.dk<\/a><\/p><p>Anfragen zu personenbezogenen Daten und \u00e4hnlichen Anliegen k\u00f6nnen an die oben genannte Kontaktperson gerichtet werden.<\/p><p>Die vollst\u00e4ndige Datenschutzerkl\u00e4rung kann bei unserem Datenschutzbeauftragten angefordert werden. Hier lediglich ein Auszug f\u00fcr Sie:<\/p><p>R\u00f8dvig Ferieby verarbeitet nur sehr wenige Daten \u2013 beispielsweise im Zusammenhang mit Aufenthalten und Veranstaltungen. Dies gilt f\u00fcr Namen, Adressen, Telefonnummern, Aufenthaltsaktivit\u00e4ten und E-Mail-Adressen.<\/p><p>Diese Daten werden bei einem Datenverarbeiter gespeichert, mit dem ein Datenverarbeitungsvertrag abgeschlossen wurde.<\/p><p>Alle Daten werden 5 Jahre nach der letzten Aktivit\u00e4t gel\u00f6scht oder anonymisiert.<\/p>\t\t\t\t\t\t\t\t<\/div>\n\t\t\t\t<\/div>\n\t\t\t\t\t<\/div>\n\t\t<\/div>\n\t\t\t\t\t<\/div>\n\t\t<\/section>\n\t\t\t\t<\/div>\n\t\t","protected":false},"excerpt":{"rendered":"<p>Datenschutzbestimmungen Datenschutzbeauftragter Claus H\u00f8genhaugTelefon:\u00a0(+45)23237484E-Mail:\u00a0claus@roedvigferieby.dk Anfragen zu personenbezogenen Daten und \u00e4hnlichen Anliegen k\u00f6nnen an die oben genannte Kontaktperson gerichtet werden. Die vollst\u00e4ndige Datenschutzerkl\u00e4rung kann bei unserem Datenschutzbeauftragten angefordert werden. Hier lediglich ein Auszug f\u00fcr Sie: R\u00f8dvig Ferieby verarbeitet nur sehr wenige Daten \u2013 beispielsweise im Zusammenhang mit Aufenthalten und Veranstaltungen. Dies gilt f\u00fcr Namen, Adressen, Telefonnummern, [&hellip;]<\/p>\n","protected":false},"author":3,"featured_media":1940,"parent":0,"menu_order":0,"comment_status":"closed","ping_status":"closed","template":"elementor_header_footer","meta":{"footnotes":""},"class_list":["post-3370","page","type-page","status-publish","has-post-thumbnail","hentry"],"yoast_head":"<!-- This site is optimized with the Yoast SEO plugin v27.4 - https:\/\/yoast.com\/product\/yoast-seo-wordpress\/ -->\n<title>Datenschutzbestimmungen | Wie wir Ihre Daten verarbeiten<\/title>\n<meta name=\"description\" content=\"In dieser Datenschutzrichtlinie k\u00f6nnen Sie nachlesen, wie R\u00f8dvig Ferieby Ihre pers\u00f6nlichen Daten verarbeitet.\" \/>\n<meta name=\"robots\" content=\"index, follow, max-snippet:-1, max-image-preview:large, max-video-preview:-1\" \/>\n<link rel=\"canonical\" href=\"https:\/\/roedvigferieby.dk\/de\/datenschutzbestimmungen\/\" \/>\n<meta property=\"og:locale\" content=\"de_DE\" \/>\n<meta property=\"og:type\" content=\"article\" \/>\n<meta property=\"og:title\" content=\"Datenschutzbestimmungen | Wie wir Ihre Daten verarbeiten\" \/>\n<meta property=\"og:description\" content=\"In dieser Datenschutzrichtlinie k\u00f6nnen Sie nachlesen, wie R\u00f8dvig Ferieby Ihre pers\u00f6nlichen Daten verarbeitet.\" \/>\n<meta property=\"og:url\" content=\"https:\/\/roedvigferieby.dk\/de\/datenschutzbestimmungen\/\" \/>\n<meta property=\"og:site_name\" content=\"R\u00f8dvig Ferieby\" \/>\n<meta property=\"article:publisher\" content=\"https:\/\/www.facebook.com\/roedvigferieby\" \/>\n<meta property=\"article:modified_time\" content=\"2023-03-15T14:56:36+00:00\" \/>\n<meta property=\"og:image\" content=\"https:\/\/roedvigferieby.dk\/wp-content\/uploads\/2022\/11\/93334381_3149302145103889_7820293890124021760_o-e1668114157949-1.jpg\" \/>\n\t<meta property=\"og:image:width\" content=\"1600\" \/>\n\t<meta property=\"og:image:height\" content=\"1066\" \/>\n\t<meta property=\"og:image:type\" content=\"image\/jpeg\" \/>\n<meta name=\"twitter:card\" content=\"summary_large_image\" \/>\n<meta name=\"twitter:label1\" content=\"Gesch\u00e4tzte Lesezeit\" \/>\n\t<meta name=\"twitter:data1\" content=\"1\u00a0Minute\" \/>\n<script type=\"application\/ld+json\" class=\"yoast-schema-graph\">{\"@context\":\"https:\\\/\\\/schema.org\",\"@graph\":[{\"@type\":\"WebPage\",\"@id\":\"https:\\\/\\\/roedvigferieby.dk\\\/de\\\/datenschutzbestimmungen\\\/\",\"url\":\"https:\\\/\\\/roedvigferieby.dk\\\/de\\\/datenschutzbestimmungen\\\/\",\"name\":\"Datenschutzbestimmungen | Wie wir Ihre Daten verarbeiten\",\"isPartOf\":{\"@id\":\"https:\\\/\\\/roedvigferieby.dk\\\/de\\\/#website\"},\"primaryImageOfPage\":{\"@id\":\"https:\\\/\\\/roedvigferieby.dk\\\/de\\\/datenschutzbestimmungen\\\/#primaryimage\"},\"image\":{\"@id\":\"https:\\\/\\\/roedvigferieby.dk\\\/de\\\/datenschutzbestimmungen\\\/#primaryimage\"},\"thumbnailUrl\":\"https:\\\/\\\/roedvigferieby.dk\\\/wp-content\\\/uploads\\\/2022\\\/11\\\/93334381_3149302145103889_7820293890124021760_o-e1668114157949-1.jpg\",\"datePublished\":\"2022-11-24T11:48:48+00:00\",\"dateModified\":\"2023-03-15T14:56:36+00:00\",\"description\":\"In dieser Datenschutzrichtlinie k\u00f6nnen Sie nachlesen, wie R\u00f8dvig Ferieby Ihre pers\u00f6nlichen Daten verarbeitet.\",\"breadcrumb\":{\"@id\":\"https:\\\/\\\/roedvigferieby.dk\\\/de\\\/datenschutzbestimmungen\\\/#breadcrumb\"},\"inLanguage\":\"de\",\"potentialAction\":[{\"@type\":\"ReadAction\",\"target\":[\"https:\\\/\\\/roedvigferieby.dk\\\/de\\\/datenschutzbestimmungen\\\/\"]}]},{\"@type\":\"ImageObject\",\"inLanguage\":\"de\",\"@id\":\"https:\\\/\\\/roedvigferieby.dk\\\/de\\\/datenschutzbestimmungen\\\/#primaryimage\",\"url\":\"https:\\\/\\\/roedvigferieby.dk\\\/wp-content\\\/uploads\\\/2022\\\/11\\\/93334381_3149302145103889_7820293890124021760_o-e1668114157949-1.jpg\",\"contentUrl\":\"https:\\\/\\\/roedvigferieby.dk\\\/wp-content\\\/uploads\\\/2022\\\/11\\\/93334381_3149302145103889_7820293890124021760_o-e1668114157949-1.jpg\",\"width\":1600,\"height\":1066,\"caption\":\"R\u00f8dvig Ferieby I Ferie I B&amp;B I Konference I Natursk\u00f8nne omgivelser med skov, marker, kyst og klint i n\u00e6rheden\"},{\"@type\":\"BreadcrumbList\",\"@id\":\"https:\\\/\\\/roedvigferieby.dk\\\/de\\\/datenschutzbestimmungen\\\/#breadcrumb\",\"itemListElement\":[{\"@type\":\"ListItem\",\"position\":1,\"name\":\"Hjem\",\"item\":\"https:\\\/\\\/roedvigferieby.dk\\\/de\\\/\"},{\"@type\":\"ListItem\",\"position\":2,\"name\":\"Datenschutzbestimmungen\"}]},{\"@type\":\"WebSite\",\"@id\":\"https:\\\/\\\/roedvigferieby.dk\\\/de\\\/#website\",\"url\":\"https:\\\/\\\/roedvigferieby.dk\\\/de\\\/\",\"name\":\"R\u00f8dvig Ferieby\",\"description\":\"Ferieby, kursus- og konferencested n\u00e6r Stevns Klint i natursk\u00f8nne omgivelser\",\"publisher\":{\"@id\":\"https:\\\/\\\/roedvigferieby.dk\\\/de\\\/#organization\"},\"potentialAction\":[{\"@type\":\"SearchAction\",\"target\":{\"@type\":\"EntryPoint\",\"urlTemplate\":\"https:\\\/\\\/roedvigferieby.dk\\\/de\\\/?s={search_term_string}\"},\"query-input\":{\"@type\":\"PropertyValueSpecification\",\"valueRequired\":true,\"valueName\":\"search_term_string\"}}],\"inLanguage\":\"de\"},{\"@type\":\"Organization\",\"@id\":\"https:\\\/\\\/roedvigferieby.dk\\\/de\\\/#organization\",\"name\":\"R\u00f8dvig Ferieby\",\"url\":\"https:\\\/\\\/roedvigferieby.dk\\\/de\\\/\",\"logo\":{\"@type\":\"ImageObject\",\"inLanguage\":\"de\",\"@id\":\"https:\\\/\\\/roedvigferieby.dk\\\/de\\\/#\\\/schema\\\/logo\\\/image\\\/\",\"url\":\"https:\\\/\\\/roedvigferieby.dk\\\/ny\\\/wp-content\\\/uploads\\\/2022\\\/11\\\/RF-LOGO.png\",\"contentUrl\":\"https:\\\/\\\/roedvigferieby.dk\\\/ny\\\/wp-content\\\/uploads\\\/2022\\\/11\\\/RF-LOGO.png\",\"width\":700,\"height\":250,\"caption\":\"R\u00f8dvig Ferieby\"},\"image\":{\"@id\":\"https:\\\/\\\/roedvigferieby.dk\\\/de\\\/#\\\/schema\\\/logo\\\/image\\\/\"},\"sameAs\":[\"https:\\\/\\\/www.facebook.com\\\/roedvigferieby\",\"https:\\\/\\\/www.instagram.com\\\/roedvigferieby\\\/\"]}]}<\/script>\n<!-- \/ Yoast SEO plugin. -->","yoast_head_json":{"title":"Datenschutzbestimmungen | Wie wir Ihre Daten verarbeiten","description":"In dieser Datenschutzrichtlinie k\u00f6nnen Sie nachlesen, wie R\u00f8dvig Ferieby Ihre pers\u00f6nlichen Daten verarbeitet.","robots":{"index":"index","follow":"follow","max-snippet":"max-snippet:-1","max-image-preview":"max-image-preview:large","max-video-preview":"max-video-preview:-1"},"canonical":"https:\/\/roedvigferieby.dk\/de\/datenschutzbestimmungen\/","og_locale":"de_DE","og_type":"article","og_title":"Datenschutzbestimmungen | Wie wir Ihre Daten verarbeiten","og_description":"In dieser Datenschutzrichtlinie k\u00f6nnen Sie nachlesen, wie R\u00f8dvig Ferieby Ihre pers\u00f6nlichen Daten verarbeitet.","og_url":"https:\/\/roedvigferieby.dk\/de\/datenschutzbestimmungen\/","og_site_name":"R\u00f8dvig Ferieby","article_publisher":"https:\/\/www.facebook.com\/roedvigferieby","article_modified_time":"2023-03-15T14:56:36+00:00","og_image":[{"width":1600,"height":1066,"url":"https:\/\/roedvigferieby.dk\/wp-content\/uploads\/2022\/11\/93334381_3149302145103889_7820293890124021760_o-e1668114157949-1.jpg","type":"image\/jpeg"}],"twitter_card":"summary_large_image","twitter_misc":{"Gesch\u00e4tzte Lesezeit":"1\u00a0Minute"},"schema":{"@context":"https:\/\/schema.org","@graph":[{"@type":"WebPage","@id":"https:\/\/roedvigferieby.dk\/de\/datenschutzbestimmungen\/","url":"https:\/\/roedvigferieby.dk\/de\/datenschutzbestimmungen\/","name":"Datenschutzbestimmungen | Wie wir Ihre Daten verarbeiten","isPartOf":{"@id":"https:\/\/roedvigferieby.dk\/de\/#website"},"primaryImageOfPage":{"@id":"https:\/\/roedvigferieby.dk\/de\/datenschutzbestimmungen\/#primaryimage"},"image":{"@id":"https:\/\/roedvigferieby.dk\/de\/datenschutzbestimmungen\/#primaryimage"},"thumbnailUrl":"https:\/\/roedvigferieby.dk\/wp-content\/uploads\/2022\/11\/93334381_3149302145103889_7820293890124021760_o-e1668114157949-1.jpg","datePublished":"2022-11-24T11:48:48+00:00","dateModified":"2023-03-15T14:56:36+00:00","description":"In dieser Datenschutzrichtlinie k\u00f6nnen Sie nachlesen, wie R\u00f8dvig Ferieby Ihre pers\u00f6nlichen Daten verarbeitet.","breadcrumb":{"@id":"https:\/\/roedvigferieby.dk\/de\/datenschutzbestimmungen\/#breadcrumb"},"inLanguage":"de","potentialAction":[{"@type":"ReadAction","target":["https:\/\/roedvigferieby.dk\/de\/datenschutzbestimmungen\/"]}]},{"@type":"ImageObject","inLanguage":"de","@id":"https:\/\/roedvigferieby.dk\/de\/datenschutzbestimmungen\/#primaryimage","url":"https:\/\/roedvigferieby.dk\/wp-content\/uploads\/2022\/11\/93334381_3149302145103889_7820293890124021760_o-e1668114157949-1.jpg","contentUrl":"https:\/\/roedvigferieby.dk\/wp-content\/uploads\/2022\/11\/93334381_3149302145103889_7820293890124021760_o-e1668114157949-1.jpg","width":1600,"height":1066,"caption":"R\u00f8dvig Ferieby I Ferie I B&amp;B I Konference I Natursk\u00f8nne omgivelser med skov, marker, kyst og klint i n\u00e6rheden"},{"@type":"BreadcrumbList","@id":"https:\/\/roedvigferieby.dk\/de\/datenschutzbestimmungen\/#breadcrumb","itemListElement":[{"@type":"ListItem","position":1,"name":"Hjem","item":"https:\/\/roedvigferieby.dk\/de\/"},{"@type":"ListItem","position":2,"name":"Datenschutzbestimmungen"}]},{"@type":"WebSite","@id":"https:\/\/roedvigferieby.dk\/de\/#website","url":"https:\/\/roedvigferieby.dk\/de\/","name":"R\u00f8dvig Ferieby","description":"Ferieby, kursus- og konferencested n\u00e6r Stevns Klint i natursk\u00f8nne omgivelser","publisher":{"@id":"https:\/\/roedvigferieby.dk\/de\/#organization"},"potentialAction":[{"@type":"SearchAction","target":{"@type":"EntryPoint","urlTemplate":"https:\/\/roedvigferieby.dk\/de\/?s={search_term_string}"},"query-input":{"@type":"PropertyValueSpecification","valueRequired":true,"valueName":"search_term_string"}}],"inLanguage":"de"},{"@type":"Organization","@id":"https:\/\/roedvigferieby.dk\/de\/#organization","name":"R\u00f8dvig Ferieby","url":"https:\/\/roedvigferieby.dk\/de\/","logo":{"@type":"ImageObject","inLanguage":"de","@id":"https:\/\/roedvigferieby.dk\/de\/#\/schema\/logo\/image\/","url":"https:\/\/roedvigferieby.dk\/ny\/wp-content\/uploads\/2022\/11\/RF-LOGO.png","contentUrl":"https:\/\/roedvigferieby.dk\/ny\/wp-content\/uploads\/2022\/11\/RF-LOGO.png","width":700,"height":250,"caption":"R\u00f8dvig Ferieby"},"image":{"@id":"https:\/\/roedvigferieby.dk\/de\/#\/schema\/logo\/image\/"},"sameAs":["https:\/\/www.facebook.com\/roedvigferieby","https:\/\/www.instagram.com\/roedvigferieby\/"]}]}},"_links":{"self":[{"href":"https:\/\/roedvigferieby.dk\/de\/wp-json\/wp\/v2\/pages\/3370","targetHints":{"allow":["GET"]}}],"collection":[{"href":"https:\/\/roedvigferieby.dk\/de\/wp-json\/wp\/v2\/pages"}],"about":[{"href":"https:\/\/roedvigferieby.dk\/de\/wp-json\/wp\/v2\/types\/page"}],"author":[{"embeddable":true,"href":"https:\/\/roedvigferieby.dk\/de\/wp-json\/wp\/v2\/users\/3"}],"replies":[{"embeddable":true,"href":"https:\/\/roedvigferieby.dk\/de\/wp-json\/wp\/v2\/comments?post=3370"}],"version-history":[{"count":0,"href":"https:\/\/roedvigferieby.dk\/de\/wp-json\/wp\/v2\/pages\/3370\/revisions"}],"wp:featuredmedia":[{"embeddable":true,"href":"https:\/\/roedvigferieby.dk\/de\/wp-json\/wp\/v2\/media\/1940"}],"wp:attachment":[{"href":"https:\/\/roedvigferieby.dk\/de\/wp-json\/wp\/v2\/media?parent=3370"}],"curies":[{"name":"wp","href":"https:\/\/api.w.org\/{rel}","templated":true}]}}